{"id":2254,"date":"2020-11-15T17:49:25","date_gmt":"2020-11-15T17:49:25","guid":{"rendered":"https:\/\/latelier-kora-djembe.fr\/?post_type=product&#038;p=2254"},"modified":"2020-11-15T18:06:21","modified_gmt":"2020-11-15T18:06:21","slug":"epaisseur-fine","status":"publish","type":"product","link":"https:\/\/latelier-kora-djembe.fr\/en\/produit\/epaisseur-fine\/","title":{"rendered":"Epaisseur : fine"},"content":{"rendered":"<p>Peaux de ch\u00e8vre <strong>non ras\u00e9es<\/strong>, l&#8217;esth\u00e9tique passe aussi par des d\u00e9tails comme ceux de la<strong> beaut\u00e9 de la peau<\/strong> !<\/p>\n<p>Nous vous proposons de <strong>magnifiques<\/strong> peaux de ch\u00e8vre avec leurs poils.<\/p>\n<p>Nous avons s\u00e9lectionn\u00e9 ces peaux afin de vous fournir une <strong>qualit\u00e9 sup\u00e9rieure<\/strong> pour un son encore meilleur.<\/p>\n<p>Ces peaux viennent iront \u00e0 merveille avec votre djemb\u00e9 &#8230;.\u00a0Toutes les peaux ont un diam\u00e8tre entre 61 et 66 cm pour s&#8217;adapter \u00e0 <strong>toute taille de djemb\u00e9.<\/strong><\/p>\n<p>Pour ceux qui veulent les <strong>secrets d&#8217;un montage professionnel<\/strong>, commandez notre <strong>formation d\u00e9di\u00e9 au montage de djemb\u00e9 :<\/strong><\/p>\n<p class=\"lead\"><span data-text-color=\"secondary\"><em>Remise de 15 euro sur la formation &#8220;Apprendre le montage de djemb\u00e9&#8221; pour tout achat de 20 euro minimum avec le code PROMO &#8220;montage&#8221;<\/em><\/span><\/p>\n<blockquote class=\"wp-embedded-content\" data-secret=\"X6H2jCOXdn\"><p><a href=\"https:\/\/latelier-kora-djembe.fr\/produit\/formation-en-ligne\">Apprendre le montage de djemb\u00e9 &#8211; Formation vid\u00e9o<\/a><\/p><\/blockquote>\n<p><iframe loading=\"lazy\" class=\"wp-embedded-content\" sandbox=\"allow-scripts\" security=\"restricted\" style=\"position: absolute; clip: rect(1px, 1px, 1px, 1px);\" title=\"\u00ab\u00a0Apprendre le montage de djemb\u00e9 &#8211; Formation vid\u00e9o\u00a0\u00bb &#8212; L&#039;atelier kora djemb\u00e9\" src=\"https:\/\/latelier-kora-djembe.fr\/produit\/formation-en-ligne\/embed#?secret=X6H2jCOXdn\" data-secret=\"X6H2jCOXdn\" width=\"600\" height=\"338\" frameborder=\"0\" marginwidth=\"0\" marginheight=\"0\" scrolling=\"no\"><\/iframe><\/p>\n<p><iframe loading=\"lazy\" src=\"https:\/\/www.youtube.com\/embed\/UvXURSIBfR4\" width=\"560\" height=\"315\" frameborder=\"0\" allowfullscreen=\"allowfullscreen\"><\/iframe><\/p>\n","protected":false},"excerpt":{"rendered":"<p>Peaux de ch\u00e8vre non ras\u00e9es, l&#8217;esth\u00e9tique passe aussi par des d\u00e9tails comme ceux de la beaut\u00e9 de la peau ! Nous vous proposons de magnifiques peaux de ch\u00e8vre avec leurs poils. Nous avons s\u00e9lectionn\u00e9 ces peaux afin de vous fournir une qualit\u00e9 sup\u00e9rieure pour un son encore meilleur. Ces peaux viennent iront \u00e0 merveille avec [&#8230;]\n","protected":false},"featured_media":995,"comment_status":"open","ping_status":"closed","template":"","meta":{"_monsterinsights_skip_tracking":false,"_monsterinsights_sitenote_active":false,"_monsterinsights_sitenote_note":"","_monsterinsights_sitenote_category":0},"product_brand":[],"product_cat":[45],"product_tag":[],"class_list":{"0":"post-2254","1":"product","2":"type-product","3":"status-publish","4":"has-post-thumbnail","6":"product_cat-accessoires","7":"product_shipping_class-peaux","9":"first","10":"instock","11":"shipping-taxable","12":"purchasable","13":"product-type-simple"},"yoast_head":"<!-- This site is optimized with the Yoast SEO plugin v24.8.1 - https:\/\/yoast.com\/wordpress\/plugins\/seo\/ -->\n<title>Epaisseur : fine | BALA LAND<\/title>\n<meta name=\"description\" content=\"Venez d\u00e9couvrir nos peaux de ch\u00e8vre de djemb\u00e9 non ras\u00e9es. Nous avons rigoureusement s\u00e9lectionn\u00e9 les meilleurs peaux pour votre instrument pr\u00e9f\u00e9r\u00e9 ....\" \/>\n<meta name=\"robots\" content=\"index, follow, max-snippet:-1, max-image-preview:large, max-video-preview:-1\" \/>\n<link rel=\"canonical\" href=\"https:\/\/latelier-kora-djembe.fr\/en\/produit\/epaisseur-fine\/\" \/>\n<meta property=\"og:locale\" content=\"en_US\" \/>\n<meta property=\"og:type\" content=\"article\" \/>\n<meta property=\"og:title\" content=\"Epaisseur : fine | BALA LAND\" \/>\n<meta property=\"og:description\" content=\"Venez d\u00e9couvrir nos peaux de ch\u00e8vre de djemb\u00e9 non ras\u00e9es. Nous avons rigoureusement s\u00e9lectionn\u00e9 les meilleurs peaux pour votre instrument pr\u00e9f\u00e9r\u00e9 ....\" \/>\n<meta property=\"og:url\" content=\"https:\/\/latelier-kora-djembe.fr\/en\/produit\/epaisseur-fine\/\" \/>\n<meta property=\"og:site_name\" content=\"BALA LAND\" \/>\n<meta property=\"article:publisher\" content=\"https:\/\/www.facebook.com\/latelier.kora.djembe\/\" \/>\n<meta property=\"article:modified_time\" content=\"2020-11-15T18:06:21+00:00\" \/>\n<meta property=\"og:image\" content=\"https:\/\/latelier-kora-djembe.fr\/wp-content\/uploads\/2019\/01\/peau-de-djembe-poils-scaled.jpg\" \/>\n\t<meta property=\"og:image:width\" content=\"2560\" \/>\n\t<meta property=\"og:image:height\" content=\"1920\" \/>\n\t<meta property=\"og:image:type\" content=\"image\/jpeg\" \/>\n<meta name=\"twitter:card\" content=\"summary_large_image\" \/>\n<meta name=\"twitter:label1\" content=\"Est. reading time\" \/>\n\t<meta name=\"twitter:data1\" content=\"1 minute\" \/>\n<script type=\"application\/ld+json\" class=\"yoast-schema-graph\">{\"@context\":\"https:\/\/schema.org\",\"@graph\":[{\"@type\":\"WebPage\",\"@id\":\"https:\/\/latelier-kora-djembe.fr\/en\/produit\/epaisseur-fine\/\",\"url\":\"https:\/\/latelier-kora-djembe.fr\/en\/produit\/epaisseur-fine\/\",\"name\":\"Epaisseur : fine | BALA LAND\",\"isPartOf\":{\"@id\":\"https:\/\/latelier-kora-djembe.fr\/en\/#website\"},\"primaryImageOfPage\":{\"@id\":\"https:\/\/latelier-kora-djembe.fr\/en\/produit\/epaisseur-fine\/#primaryimage\"},\"image\":{\"@id\":\"https:\/\/latelier-kora-djembe.fr\/en\/produit\/epaisseur-fine\/#primaryimage\"},\"thumbnailUrl\":\"https:\/\/latelier-kora-djembe.fr\/wp-content\/uploads\/2019\/01\/peau-de-djembe-poils-scaled.jpg\",\"datePublished\":\"2020-11-15T17:49:25+00:00\",\"dateModified\":\"2020-11-15T18:06:21+00:00\",\"description\":\"Venez d\u00e9couvrir nos peaux de ch\u00e8vre de djemb\u00e9 non ras\u00e9es. Nous avons rigoureusement s\u00e9lectionn\u00e9 les meilleurs peaux pour votre instrument pr\u00e9f\u00e9r\u00e9 ....\",\"breadcrumb\":{\"@id\":\"https:\/\/latelier-kora-djembe.fr\/en\/produit\/epaisseur-fine\/#breadcrumb\"},\"inLanguage\":\"en-US\",\"potentialAction\":[{\"@type\":\"ReadAction\",\"target\":[\"https:\/\/latelier-kora-djembe.fr\/en\/produit\/epaisseur-fine\/\"]}]},{\"@type\":\"ImageObject\",\"inLanguage\":\"en-US\",\"@id\":\"https:\/\/latelier-kora-djembe.fr\/en\/produit\/epaisseur-fine\/#primaryimage\",\"url\":\"https:\/\/latelier-kora-djembe.fr\/wp-content\/uploads\/2019\/01\/peau-de-djembe-poils-scaled.jpg\",\"contentUrl\":\"https:\/\/latelier-kora-djembe.fr\/wp-content\/uploads\/2019\/01\/peau-de-djembe-poils-scaled.jpg\",\"width\":2560,\"height\":1920,\"caption\":\"peau de djembe instrument de musique\"},{\"@type\":\"BreadcrumbList\",\"@id\":\"https:\/\/latelier-kora-djembe.fr\/en\/produit\/epaisseur-fine\/#breadcrumb\",\"itemListElement\":[{\"@type\":\"ListItem\",\"position\":1,\"name\":\"Accueil\",\"item\":\"https:\/\/latelier-kora-djembe.fr\/en\/home\/\"},{\"@type\":\"ListItem\",\"position\":2,\"name\":\"Shop\",\"item\":\"https:\/\/latelier-kora-djembe.fr\/en\/shop\/\"},{\"@type\":\"ListItem\",\"position\":3,\"name\":\"Epaisseur : fine\"}]},{\"@type\":\"WebSite\",\"@id\":\"https:\/\/latelier-kora-djembe.fr\/en\/#website\",\"url\":\"https:\/\/latelier-kora-djembe.fr\/en\/\",\"name\":\"L&#039;atelier kora djembe - Vente d&#039;instruments de musique Africains\",\"description\":\"Qualit\u00e9 sonorit\u00e9\",\"potentialAction\":[{\"@type\":\"SearchAction\",\"target\":{\"@type\":\"EntryPoint\",\"urlTemplate\":\"https:\/\/latelier-kora-djembe.fr\/en\/?s={search_term_string}\"},\"query-input\":{\"@type\":\"PropertyValueSpecification\",\"valueRequired\":true,\"valueName\":\"search_term_string\"}}],\"inLanguage\":\"en-US\"}]}<\/script>\n<!-- \/ Yoast SEO plugin. -->","yoast_head_json":{"title":"Epaisseur : fine | BALA LAND","description":"Venez d\u00e9couvrir nos peaux de ch\u00e8vre de djemb\u00e9 non ras\u00e9es. Nous avons rigoureusement s\u00e9lectionn\u00e9 les meilleurs peaux pour votre instrument pr\u00e9f\u00e9r\u00e9 ....","robots":{"index":"index","follow":"follow","max-snippet":"max-snippet:-1","max-image-preview":"max-image-preview:large","max-video-preview":"max-video-preview:-1"},"canonical":"https:\/\/latelier-kora-djembe.fr\/en\/produit\/epaisseur-fine\/","og_locale":"en_US","og_type":"article","og_title":"Epaisseur : fine | BALA LAND","og_description":"Venez d\u00e9couvrir nos peaux de ch\u00e8vre de djemb\u00e9 non ras\u00e9es. Nous avons rigoureusement s\u00e9lectionn\u00e9 les meilleurs peaux pour votre instrument pr\u00e9f\u00e9r\u00e9 ....","og_url":"https:\/\/latelier-kora-djembe.fr\/en\/produit\/epaisseur-fine\/","og_site_name":"BALA LAND","article_publisher":"https:\/\/www.facebook.com\/latelier.kora.djembe\/","article_modified_time":"2020-11-15T18:06:21+00:00","og_image":[{"width":2560,"height":1920,"url":"https:\/\/latelier-kora-djembe.fr\/wp-content\/uploads\/2019\/01\/peau-de-djembe-poils-scaled.jpg","type":"image\/jpeg"}],"twitter_card":"summary_large_image","twitter_misc":{"Est. reading time":"1 minute"},"schema":{"@context":"https:\/\/schema.org","@graph":[{"@type":"WebPage","@id":"https:\/\/latelier-kora-djembe.fr\/en\/produit\/epaisseur-fine\/","url":"https:\/\/latelier-kora-djembe.fr\/en\/produit\/epaisseur-fine\/","name":"Epaisseur : fine | BALA LAND","isPartOf":{"@id":"https:\/\/latelier-kora-djembe.fr\/en\/#website"},"primaryImageOfPage":{"@id":"https:\/\/latelier-kora-djembe.fr\/en\/produit\/epaisseur-fine\/#primaryimage"},"image":{"@id":"https:\/\/latelier-kora-djembe.fr\/en\/produit\/epaisseur-fine\/#primaryimage"},"thumbnailUrl":"https:\/\/latelier-kora-djembe.fr\/wp-content\/uploads\/2019\/01\/peau-de-djembe-poils-scaled.jpg","datePublished":"2020-11-15T17:49:25+00:00","dateModified":"2020-11-15T18:06:21+00:00","description":"Venez d\u00e9couvrir nos peaux de ch\u00e8vre de djemb\u00e9 non ras\u00e9es. Nous avons rigoureusement s\u00e9lectionn\u00e9 les meilleurs peaux pour votre instrument pr\u00e9f\u00e9r\u00e9 ....","breadcrumb":{"@id":"https:\/\/latelier-kora-djembe.fr\/en\/produit\/epaisseur-fine\/#breadcrumb"},"inLanguage":"en-US","potentialAction":[{"@type":"ReadAction","target":["https:\/\/latelier-kora-djembe.fr\/en\/produit\/epaisseur-fine\/"]}]},{"@type":"ImageObject","inLanguage":"en-US","@id":"https:\/\/latelier-kora-djembe.fr\/en\/produit\/epaisseur-fine\/#primaryimage","url":"https:\/\/latelier-kora-djembe.fr\/wp-content\/uploads\/2019\/01\/peau-de-djembe-poils-scaled.jpg","contentUrl":"https:\/\/latelier-kora-djembe.fr\/wp-content\/uploads\/2019\/01\/peau-de-djembe-poils-scaled.jpg","width":2560,"height":1920,"caption":"peau de djembe instrument de musique"},{"@type":"BreadcrumbList","@id":"https:\/\/latelier-kora-djembe.fr\/en\/produit\/epaisseur-fine\/#breadcrumb","itemListElement":[{"@type":"ListItem","position":1,"name":"Accueil","item":"https:\/\/latelier-kora-djembe.fr\/en\/home\/"},{"@type":"ListItem","position":2,"name":"Shop","item":"https:\/\/latelier-kora-djembe.fr\/en\/shop\/"},{"@type":"ListItem","position":3,"name":"Epaisseur : fine"}]},{"@type":"WebSite","@id":"https:\/\/latelier-kora-djembe.fr\/en\/#website","url":"https:\/\/latelier-kora-djembe.fr\/en\/","name":"L&#039;atelier kora djembe - Vente d&#039;instruments de musique Africains","description":"Qualit\u00e9 sonorit\u00e9","potentialAction":[{"@type":"SearchAction","target":{"@type":"EntryPoint","urlTemplate":"https:\/\/latelier-kora-djembe.fr\/en\/?s={search_term_string}"},"query-input":{"@type":"PropertyValueSpecification","valueRequired":true,"valueName":"search_term_string"}}],"inLanguage":"en-US"}]}},"_links":{"self":[{"href":"https:\/\/latelier-kora-djembe.fr\/en\/wp-json\/wp\/v2\/product\/2254","targetHints":{"allow":["GET"]}}],"collection":[{"href":"https:\/\/latelier-kora-djembe.fr\/en\/wp-json\/wp\/v2\/product"}],"about":[{"href":"https:\/\/latelier-kora-djembe.fr\/en\/wp-json\/wp\/v2\/types\/product"}],"replies":[{"embeddable":true,"href":"https:\/\/latelier-kora-djembe.fr\/en\/wp-json\/wp\/v2\/comments?post=2254"}],"wp:featuredmedia":[{"embeddable":true,"href":"https:\/\/latelier-kora-djembe.fr\/en\/wp-json\/wp\/v2\/media\/995"}],"wp:attachment":[{"href":"https:\/\/latelier-kora-djembe.fr\/en\/wp-json\/wp\/v2\/media?parent=2254"}],"wp:term":[{"taxonomy":"product_brand","embeddable":true,"href":"https:\/\/latelier-kora-djembe.fr\/en\/wp-json\/wp\/v2\/product_brand?post=2254"},{"taxonomy":"product_cat","embeddable":true,"href":"https:\/\/latelier-kora-djembe.fr\/en\/wp-json\/wp\/v2\/product_cat?post=2254"},{"taxonomy":"product_tag","embeddable":true,"href":"https:\/\/latelier-kora-djembe.fr\/en\/wp-json\/wp\/v2\/product_tag?post=2254"}],"curies":[{"name":"wp","href":"https:\/\/api.w.org\/{rel}","templated":true}]}}