{"id":4086,"date":"2023-02-09T13:59:01","date_gmt":"2023-02-09T13:59:01","guid":{"rendered":"https:\/\/latelier-kora-djembe.fr\/?post_type=product&#038;p=4086"},"modified":"2023-02-09T14:02:44","modified_gmt":"2023-02-09T14:02:44","slug":"formation-gratuite-debuter-le-djembe","status":"publish","type":"product","link":"https:\/\/latelier-kora-djembe.fr\/en\/produit\/formation-gratuite-debuter-le-djembe\/","title":{"rendered":"Formation gratuite : d\u00e9buter le djemb\u00e9"},"content":{"rendered":"<p>Tu <strong>d\u00e9butes<\/strong> le djemb\u00e9 ?<\/p>\n<p>Tu as \u00e9norm\u00e9ment d&#8217;informations et <strong>tout est flou ?<\/strong><\/p>\n<p>Tu voudrais \u00eatre <strong>mieux guid\u00e9<\/strong> dans ton apprentissage ?<\/p>\n<p>Dans cette formation de <strong>50 minutes,<\/strong> tu auras <strong>toutes les bases<\/strong> pour bien d\u00e9buter.<\/p>\n<p>Mais aussi du mat\u00e9riel pour commencer \u00e0 <strong>faire des solos !<\/strong><\/p>\n<p><strong>Clique sur le lien<\/strong>, renseigne ton mail et tu recevra ta formation pour courriel !<\/p>\n<p>A tout de suite \ud83d\ude42<\/p>\n<p>R\u00e9mi<\/p>\n","protected":false},"excerpt":{"rendered":"<p>Tu d\u00e9butes le djemb\u00e9 ? Tu as \u00e9norm\u00e9ment d&#8217;informations et tout est flou ? Tu voudrais \u00eatre mieux guid\u00e9 dans ton apprentissage ? Dans cette formation de 50 minutes, tu auras toutes les bases pour bien d\u00e9buter. Mais aussi du mat\u00e9riel pour commencer \u00e0 faire des solos ! Clique sur le lien, renseigne ton mail [&#8230;]\n","protected":false},"featured_media":4087,"comment_status":"open","ping_status":"closed","template":"","meta":{"_monsterinsights_skip_tracking":false,"_monsterinsights_sitenote_active":false,"_monsterinsights_sitenote_note":"","_monsterinsights_sitenote_category":0},"product_brand":[],"product_cat":[15],"product_tag":[],"class_list":{"0":"post-4086","1":"product","2":"type-product","3":"status-publish","4":"has-post-thumbnail","6":"product_cat-non-classe","8":"first","9":"instock","10":"shipping-taxable","11":"purchasable","12":"product-type-simple"},"yoast_head":"<!-- This site is optimized with the Yoast SEO plugin v24.8.1 - https:\/\/yoast.com\/wordpress\/plugins\/seo\/ -->\n<title>Formation gratuite : d\u00e9buter le djemb\u00e9 | BALA LAND<\/title>\n<meta name=\"description\" content=\"Tu veux passer de d\u00e9butant \u00e0 avanc\u00e9 ? Viens me rejoindre dans cette formation gratuite, on va bosser ensemble :)\" \/>\n<meta name=\"robots\" content=\"index, follow, max-snippet:-1, max-image-preview:large, max-video-preview:-1\" \/>\n<link rel=\"canonical\" href=\"https:\/\/latelier-kora-djembe.fr\/en\/produit\/formation-gratuite-debuter-le-djembe\/\" \/>\n<meta property=\"og:locale\" content=\"en_US\" \/>\n<meta property=\"og:type\" content=\"article\" \/>\n<meta property=\"og:title\" content=\"Formation gratuite : d\u00e9buter le djemb\u00e9 | BALA LAND\" \/>\n<meta property=\"og:description\" content=\"Tu veux passer de d\u00e9butant \u00e0 avanc\u00e9 ? Viens me rejoindre dans cette formation gratuite, on va bosser ensemble :)\" \/>\n<meta property=\"og:url\" content=\"https:\/\/latelier-kora-djembe.fr\/en\/produit\/formation-gratuite-debuter-le-djembe\/\" \/>\n<meta property=\"og:site_name\" content=\"BALA LAND\" \/>\n<meta property=\"article:publisher\" content=\"https:\/\/www.facebook.com\/latelier.kora.djembe\/\" \/>\n<meta property=\"article:modified_time\" content=\"2023-02-09T14:02:44+00:00\" \/>\n<meta property=\"og:image\" content=\"https:\/\/latelier-kora-djembe.fr\/wp-content\/uploads\/2023\/02\/029B17A6-4294-4381-8DE7-F00E5DBD4E4C.png\" \/>\n\t<meta property=\"og:image:width\" content=\"942\" \/>\n\t<meta property=\"og:image:height\" content=\"789\" \/>\n\t<meta property=\"og:image:type\" content=\"image\/png\" \/>\n<meta name=\"twitter:card\" content=\"summary_large_image\" \/>\n<meta name=\"twitter:label1\" content=\"Est. reading time\" \/>\n\t<meta name=\"twitter:data1\" content=\"1 minute\" \/>\n<script type=\"application\/ld+json\" class=\"yoast-schema-graph\">{\"@context\":\"https:\/\/schema.org\",\"@graph\":[{\"@type\":\"WebPage\",\"@id\":\"https:\/\/latelier-kora-djembe.fr\/en\/produit\/formation-gratuite-debuter-le-djembe\/\",\"url\":\"https:\/\/latelier-kora-djembe.fr\/en\/produit\/formation-gratuite-debuter-le-djembe\/\",\"name\":\"Formation gratuite : d\u00e9buter le djemb\u00e9 | BALA LAND\",\"isPartOf\":{\"@id\":\"https:\/\/latelier-kora-djembe.fr\/en\/#website\"},\"primaryImageOfPage\":{\"@id\":\"https:\/\/latelier-kora-djembe.fr\/en\/produit\/formation-gratuite-debuter-le-djembe\/#primaryimage\"},\"image\":{\"@id\":\"https:\/\/latelier-kora-djembe.fr\/en\/produit\/formation-gratuite-debuter-le-djembe\/#primaryimage\"},\"thumbnailUrl\":\"https:\/\/latelier-kora-djembe.fr\/wp-content\/uploads\/2023\/02\/029B17A6-4294-4381-8DE7-F00E5DBD4E4C.png\",\"datePublished\":\"2023-02-09T13:59:01+00:00\",\"dateModified\":\"2023-02-09T14:02:44+00:00\",\"description\":\"Tu veux passer de d\u00e9butant \u00e0 avanc\u00e9 ? Viens me rejoindre dans cette formation gratuite, on va bosser ensemble :)\",\"breadcrumb\":{\"@id\":\"https:\/\/latelier-kora-djembe.fr\/en\/produit\/formation-gratuite-debuter-le-djembe\/#breadcrumb\"},\"inLanguage\":\"en-US\",\"potentialAction\":[{\"@type\":\"ReadAction\",\"target\":[\"https:\/\/latelier-kora-djembe.fr\/en\/produit\/formation-gratuite-debuter-le-djembe\/\"]}]},{\"@type\":\"ImageObject\",\"inLanguage\":\"en-US\",\"@id\":\"https:\/\/latelier-kora-djembe.fr\/en\/produit\/formation-gratuite-debuter-le-djembe\/#primaryimage\",\"url\":\"https:\/\/latelier-kora-djembe.fr\/wp-content\/uploads\/2023\/02\/029B17A6-4294-4381-8DE7-F00E5DBD4E4C.png\",\"contentUrl\":\"https:\/\/latelier-kora-djembe.fr\/wp-content\/uploads\/2023\/02\/029B17A6-4294-4381-8DE7-F00E5DBD4E4C.png\",\"width\":942,\"height\":789},{\"@type\":\"BreadcrumbList\",\"@id\":\"https:\/\/latelier-kora-djembe.fr\/en\/produit\/formation-gratuite-debuter-le-djembe\/#breadcrumb\",\"itemListElement\":[{\"@type\":\"ListItem\",\"position\":1,\"name\":\"Accueil\",\"item\":\"https:\/\/latelier-kora-djembe.fr\/en\/\"},{\"@type\":\"ListItem\",\"position\":2,\"name\":\"Shop\",\"item\":\"https:\/\/latelier-kora-djembe.fr\/en\/shop\/\"},{\"@type\":\"ListItem\",\"position\":3,\"name\":\"Formation gratuite : d\u00e9buter le djemb\u00e9\"}]},{\"@type\":\"WebSite\",\"@id\":\"https:\/\/latelier-kora-djembe.fr\/en\/#website\",\"url\":\"https:\/\/latelier-kora-djembe.fr\/en\/\",\"name\":\"L&#039;atelier kora djembe - Vente d&#039;instruments de musique Africains\",\"description\":\"Qualit\u00e9 sonorit\u00e9\",\"potentialAction\":[{\"@type\":\"SearchAction\",\"target\":{\"@type\":\"EntryPoint\",\"urlTemplate\":\"https:\/\/latelier-kora-djembe.fr\/en\/?s={search_term_string}\"},\"query-input\":{\"@type\":\"PropertyValueSpecification\",\"valueRequired\":true,\"valueName\":\"search_term_string\"}}],\"inLanguage\":\"en-US\"}]}<\/script>\n<!-- \/ Yoast SEO plugin. -->","yoast_head_json":{"title":"Formation gratuite : d\u00e9buter le djemb\u00e9 | BALA LAND","description":"Tu veux passer de d\u00e9butant \u00e0 avanc\u00e9 ? Viens me rejoindre dans cette formation gratuite, on va bosser ensemble :)","robots":{"index":"index","follow":"follow","max-snippet":"max-snippet:-1","max-image-preview":"max-image-preview:large","max-video-preview":"max-video-preview:-1"},"canonical":"https:\/\/latelier-kora-djembe.fr\/en\/produit\/formation-gratuite-debuter-le-djembe\/","og_locale":"en_US","og_type":"article","og_title":"Formation gratuite : d\u00e9buter le djemb\u00e9 | BALA LAND","og_description":"Tu veux passer de d\u00e9butant \u00e0 avanc\u00e9 ? Viens me rejoindre dans cette formation gratuite, on va bosser ensemble :)","og_url":"https:\/\/latelier-kora-djembe.fr\/en\/produit\/formation-gratuite-debuter-le-djembe\/","og_site_name":"BALA LAND","article_publisher":"https:\/\/www.facebook.com\/latelier.kora.djembe\/","article_modified_time":"2023-02-09T14:02:44+00:00","og_image":[{"width":942,"height":789,"url":"https:\/\/latelier-kora-djembe.fr\/wp-content\/uploads\/2023\/02\/029B17A6-4294-4381-8DE7-F00E5DBD4E4C.png","type":"image\/png"}],"twitter_card":"summary_large_image","twitter_misc":{"Est. reading time":"1 minute"},"schema":{"@context":"https:\/\/schema.org","@graph":[{"@type":"WebPage","@id":"https:\/\/latelier-kora-djembe.fr\/en\/produit\/formation-gratuite-debuter-le-djembe\/","url":"https:\/\/latelier-kora-djembe.fr\/en\/produit\/formation-gratuite-debuter-le-djembe\/","name":"Formation gratuite : d\u00e9buter le djemb\u00e9 | BALA LAND","isPartOf":{"@id":"https:\/\/latelier-kora-djembe.fr\/en\/#website"},"primaryImageOfPage":{"@id":"https:\/\/latelier-kora-djembe.fr\/en\/produit\/formation-gratuite-debuter-le-djembe\/#primaryimage"},"image":{"@id":"https:\/\/latelier-kora-djembe.fr\/en\/produit\/formation-gratuite-debuter-le-djembe\/#primaryimage"},"thumbnailUrl":"https:\/\/latelier-kora-djembe.fr\/wp-content\/uploads\/2023\/02\/029B17A6-4294-4381-8DE7-F00E5DBD4E4C.png","datePublished":"2023-02-09T13:59:01+00:00","dateModified":"2023-02-09T14:02:44+00:00","description":"Tu veux passer de d\u00e9butant \u00e0 avanc\u00e9 ? Viens me rejoindre dans cette formation gratuite, on va bosser ensemble :)","breadcrumb":{"@id":"https:\/\/latelier-kora-djembe.fr\/en\/produit\/formation-gratuite-debuter-le-djembe\/#breadcrumb"},"inLanguage":"en-US","potentialAction":[{"@type":"ReadAction","target":["https:\/\/latelier-kora-djembe.fr\/en\/produit\/formation-gratuite-debuter-le-djembe\/"]}]},{"@type":"ImageObject","inLanguage":"en-US","@id":"https:\/\/latelier-kora-djembe.fr\/en\/produit\/formation-gratuite-debuter-le-djembe\/#primaryimage","url":"https:\/\/latelier-kora-djembe.fr\/wp-content\/uploads\/2023\/02\/029B17A6-4294-4381-8DE7-F00E5DBD4E4C.png","contentUrl":"https:\/\/latelier-kora-djembe.fr\/wp-content\/uploads\/2023\/02\/029B17A6-4294-4381-8DE7-F00E5DBD4E4C.png","width":942,"height":789},{"@type":"BreadcrumbList","@id":"https:\/\/latelier-kora-djembe.fr\/en\/produit\/formation-gratuite-debuter-le-djembe\/#breadcrumb","itemListElement":[{"@type":"ListItem","position":1,"name":"Accueil","item":"https:\/\/latelier-kora-djembe.fr\/en\/"},{"@type":"ListItem","position":2,"name":"Shop","item":"https:\/\/latelier-kora-djembe.fr\/en\/shop\/"},{"@type":"ListItem","position":3,"name":"Formation gratuite : d\u00e9buter le djemb\u00e9"}]},{"@type":"WebSite","@id":"https:\/\/latelier-kora-djembe.fr\/en\/#website","url":"https:\/\/latelier-kora-djembe.fr\/en\/","name":"L&#039;atelier kora djembe - Vente d&#039;instruments de musique Africains","description":"Qualit\u00e9 sonorit\u00e9","potentialAction":[{"@type":"SearchAction","target":{"@type":"EntryPoint","urlTemplate":"https:\/\/latelier-kora-djembe.fr\/en\/?s={search_term_string}"},"query-input":{"@type":"PropertyValueSpecification","valueRequired":true,"valueName":"search_term_string"}}],"inLanguage":"en-US"}]}},"_links":{"self":[{"href":"https:\/\/latelier-kora-djembe.fr\/en\/wp-json\/wp\/v2\/product\/4086","targetHints":{"allow":["GET"]}}],"collection":[{"href":"https:\/\/latelier-kora-djembe.fr\/en\/wp-json\/wp\/v2\/product"}],"about":[{"href":"https:\/\/latelier-kora-djembe.fr\/en\/wp-json\/wp\/v2\/types\/product"}],"replies":[{"embeddable":true,"href":"https:\/\/latelier-kora-djembe.fr\/en\/wp-json\/wp\/v2\/comments?post=4086"}],"wp:featuredmedia":[{"embeddable":true,"href":"https:\/\/latelier-kora-djembe.fr\/en\/wp-json\/wp\/v2\/media\/4087"}],"wp:attachment":[{"href":"https:\/\/latelier-kora-djembe.fr\/en\/wp-json\/wp\/v2\/media?parent=4086"}],"wp:term":[{"taxonomy":"product_brand","embeddable":true,"href":"https:\/\/latelier-kora-djembe.fr\/en\/wp-json\/wp\/v2\/product_brand?post=4086"},{"taxonomy":"product_cat","embeddable":true,"href":"https:\/\/latelier-kora-djembe.fr\/en\/wp-json\/wp\/v2\/product_cat?post=4086"},{"taxonomy":"product_tag","embeddable":true,"href":"https:\/\/latelier-kora-djembe.fr\/en\/wp-json\/wp\/v2\/product_tag?post=4086"}],"curies":[{"name":"wp","href":"https:\/\/api.w.org\/{rel}","templated":true}]}}