{"id":41,"date":"2018-05-22T08:42:17","date_gmt":"2018-05-22T08:42:17","guid":{"rendered":"http:\/\/latelier-kora-djembe.fr\/?post_type=product&#038;p=41"},"modified":"2024-09-03T02:31:40","modified_gmt":"2024-09-03T02:31:40","slug":"reparation-djembes","status":"publish","type":"product","link":"https:\/\/latelier-kora-djembe.fr\/en\/produit\/reparation-djembes\/","title":{"rendered":"R\u00e9paration djemb\u00e9"},"content":{"rendered":"<p>Nous effectuons la r\u00e9paration de djemb\u00e9 (hors grosse fissure dans le bois) :<\/p>\n<h2>Changement de peau :<\/h2>\n<p>Nous changeons la peau de votre instrument en veillant \u00e0 la mise en tension finale. Nous utilisons des peaux de ch\u00e8vres nettoy\u00e9es et ras\u00e9es de Guin\u00e9e. Vous retrouverez votre <strong>djemb\u00e9 tendu et accord\u00e9<\/strong> avec un son parfaitement ajust\u00e9 ! Prix du changement de peau simple (prix de la peau inclus) : <strong>90 euros peau de ch\u00e8vre \/ 100 euros peau de veau<\/strong><\/p>\n<h2>Changement de cordage :<\/h2>\n<p>Nous pouvons remplacer l&#8217;ancien cordage par du neuf si vous le souhaitez. Nous utilisons de la drisse pr\u00e9-\u00e9tir\u00e9e de qualit\u00e9 afin de garantir la<strong> solidit\u00e9 de la r\u00e9paration<\/strong>. Prix du changement de cordage en plus : <strong>40 euros changement des verticales \/ 60 euros les verticales et les cercles<\/strong><\/p>\n<h2>Changement de cercle :<\/h2>\n<p>Nous pouvons changer vos cercles si ils sont cass\u00e9s ou simplement trop mal ajust\u00e9s. Prix d&#8217;un changement de cercle : <strong>\u00e0 d\u00e9finir selon la qualit\u00e9 et le nombre \u00e0 changer \/ ajuster<\/strong><\/p>\n<h2>Pose d&#8217;une semelle en caoutchouc :<\/h2>\n<p>Pour garantir l&#8217;int\u00e9grit\u00e9 de votre instrument nous pouvons ajouter une semelle caoutchouc. Prix de la pose d&#8217;un renfort en caoutchouc : <strong>50\u00a0euros<\/strong><\/p>\n<h2>Qualit\u00e9 de la r\u00e9paration :<\/h2>\n<p>Nous effectuons le montage de votre djemb\u00e9 avec la m\u00eame attention que les n\u00f4tres. Cette op\u00e9ration sera \u00e0 la fois <strong>durable<\/strong> par la qualit\u00e9 de la r\u00e9paration effectu\u00e9e, mais aussi <strong>esth\u00e9tique<\/strong>\u00a0car nous tenons \u00e0 effectuer un montage propre de votre nouvelle peau . Les <strong>cercles seront ajust\u00e9s<\/strong> au niveau de la hauteur et le cordage tendu parfaitement.<\/p>\n<h2>R\u00e9paration de fissures :<\/h2>\n<p>Nous pouvons r\u00e9parer les <strong>fissures l\u00e9g\u00e8res<\/strong> dans le bois, mais ils nous sera impossible de recoller des &#8220;morceaux&#8221; de djemb\u00e9 &#8230;. cette op\u00e9ration, si elle est n\u00e9cessaire, sera incluse dans le prix de la r\u00e9paration.<\/p>\n<h2>Pr\u00e9f\u00e9rences de montage :<\/h2>\n<p>Nous sommes \u00e0 votre \u00e9coute quant \u00e0 <strong>vos pr\u00e9f\u00e9rences<\/strong> de montage. Couleur du cordage, hauteur des cercles, peau coup\u00e9e ou peau qui d\u00e9passe sur les cercles du haut &#8230;. N\u2019h\u00e9sitez pas \u00e0 nous contacter pour discuter de vos envies et pr\u00e9f\u00e9rences :<\/p>\n<h2>D\u00e9lais de r\u00e9paration et frais d&#8217;envoi :<\/h2>\n<p><b>Les frais d&#8217;envoi du djemb\u00e9 seront \u00e0 votre charge, ils s&#8217;\u00e9l\u00e8vent en g\u00e9n\u00e9ral \u00e0 40 euros aller retour.<\/b><\/p>\n<p><strong>Contactez nous pour connaitre l&#8217;adresse ou envoyer votre instrument.<\/strong><\/p>\n<p>A la r\u00e9ception de votre instrument il faut compter un <strong>d\u00e9lais de r\u00e9paration de 2 semaine maximum<\/strong> le temps que la peau puisse s\u00e9cher et que nous puissions effectuer la mise sous tension finale de votre instrument.<\/p>\n<h2>Et pour les plus bricoleurs :<\/h2>\n<p>Pour ceux qui souhaitent <strong>r\u00e9parer leur djemb\u00e9 personnellement<\/strong> nous proposons une formation qui vous apprendra \u00e0 le faire :\u00a0<a href=\"https:\/\/latelier-kora-djembe.fr\/produit\/formation-en-ligne\">https:\/\/latelier-kora-djembe.fr\/produit\/formation-en-ligne<\/a><\/p>\n","protected":false},"excerpt":{"rendered":"<p>R\u00e9paration de la peau du djemb\u00e9 avec options de r\u00e9paration.<\/p>\n","protected":false},"featured_media":0,"comment_status":"open","ping_status":"closed","template":"","meta":{"_monsterinsights_skip_tracking":false,"_monsterinsights_sitenote_active":false,"_monsterinsights_sitenote_note":"","_monsterinsights_sitenote_category":0},"product_brand":[],"product_cat":[23],"product_tag":[],"class_list":{"0":"post-41","1":"product","2":"type-product","3":"status-publish","5":"product_cat-reparation","6":"product_shipping_class-djembe","8":"first","9":"instock","10":"shipping-taxable","11":"product-type-simple"},"yoast_head":"<!-- This site is optimized with the Yoast SEO plugin v24.8.1 - https:\/\/yoast.com\/wordpress\/plugins\/seo\/ -->\n<title>R\u00e9paration djemb\u00e9 | BALA LAND<\/title>\n<meta name=\"description\" content=\"Nous pouvons effectuer une r\u00e9paration de votre djemb\u00e9 et lui redonons une seconde vie ! Contactez nous pour nous donner vos pr\u00e9f\u00e9rences de montage.\" \/>\n<meta name=\"robots\" content=\"index, follow, max-snippet:-1, max-image-preview:large, max-video-preview:-1\" \/>\n<link rel=\"canonical\" href=\"https:\/\/latelier-kora-djembe.fr\/en\/produit\/reparation-djembes\/\" \/>\n<meta property=\"og:locale\" content=\"en_US\" \/>\n<meta property=\"og:type\" content=\"article\" \/>\n<meta property=\"og:title\" content=\"R\u00e9paration djemb\u00e9 | BALA LAND\" \/>\n<meta property=\"og:description\" content=\"Nous pouvons effectuer une r\u00e9paration de votre djemb\u00e9 et lui redonons une seconde vie ! Contactez nous pour nous donner vos pr\u00e9f\u00e9rences de montage.\" \/>\n<meta property=\"og:url\" content=\"https:\/\/latelier-kora-djembe.fr\/en\/produit\/reparation-djembes\/\" \/>\n<meta property=\"og:site_name\" content=\"BALA LAND\" \/>\n<meta property=\"article:publisher\" content=\"https:\/\/www.facebook.com\/latelier.kora.djembe\/\" \/>\n<meta property=\"article:modified_time\" content=\"2024-09-03T02:31:40+00:00\" \/>\n<meta property=\"og:image\" content=\"https:\/\/latelier-kora-djembe.fr\/wp-content\/uploads\/2018\/05\/repa-djem-det-scaled.jpg\" \/>\n\t<meta property=\"og:image:width\" content=\"1920\" \/>\n\t<meta property=\"og:image:height\" content=\"2560\" \/>\n\t<meta property=\"og:image:type\" content=\"image\/jpeg\" \/>\n<meta name=\"twitter:card\" content=\"summary_large_image\" \/>\n<meta name=\"twitter:label1\" content=\"Est. reading time\" \/>\n\t<meta name=\"twitter:data1\" content=\"2 minutes\" \/>\n<script type=\"application\/ld+json\" class=\"yoast-schema-graph\">{\"@context\":\"https:\/\/schema.org\",\"@graph\":[{\"@type\":\"WebPage\",\"@id\":\"https:\/\/latelier-kora-djembe.fr\/en\/produit\/reparation-djembes\/\",\"url\":\"https:\/\/latelier-kora-djembe.fr\/en\/produit\/reparation-djembes\/\",\"name\":\"R\u00e9paration djemb\u00e9 | BALA LAND\",\"isPartOf\":{\"@id\":\"https:\/\/latelier-kora-djembe.fr\/en\/#website\"},\"datePublished\":\"2018-05-22T08:42:17+00:00\",\"dateModified\":\"2024-09-03T02:31:40+00:00\",\"description\":\"Nous pouvons effectuer une r\u00e9paration de votre djemb\u00e9 et lui redonons une seconde vie ! Contactez nous pour nous donner vos pr\u00e9f\u00e9rences de montage.\",\"breadcrumb\":{\"@id\":\"https:\/\/latelier-kora-djembe.fr\/en\/produit\/reparation-djembes\/#breadcrumb\"},\"inLanguage\":\"en-US\",\"potentialAction\":[{\"@type\":\"ReadAction\",\"target\":[\"https:\/\/latelier-kora-djembe.fr\/en\/produit\/reparation-djembes\/\"]}]},{\"@type\":\"BreadcrumbList\",\"@id\":\"https:\/\/latelier-kora-djembe.fr\/en\/produit\/reparation-djembes\/#breadcrumb\",\"itemListElement\":[{\"@type\":\"ListItem\",\"position\":1,\"name\":\"Accueil\",\"item\":\"https:\/\/latelier-kora-djembe.fr\/en\/home\/\"},{\"@type\":\"ListItem\",\"position\":2,\"name\":\"Shop\",\"item\":\"https:\/\/latelier-kora-djembe.fr\/en\/shop\/\"},{\"@type\":\"ListItem\",\"position\":3,\"name\":\"R\u00e9paration djemb\u00e9\"}]},{\"@type\":\"WebSite\",\"@id\":\"https:\/\/latelier-kora-djembe.fr\/en\/#website\",\"url\":\"https:\/\/latelier-kora-djembe.fr\/en\/\",\"name\":\"L&#039;atelier kora djembe - Vente d&#039;instruments de musique Africains\",\"description\":\"Qualit\u00e9 sonorit\u00e9\",\"potentialAction\":[{\"@type\":\"SearchAction\",\"target\":{\"@type\":\"EntryPoint\",\"urlTemplate\":\"https:\/\/latelier-kora-djembe.fr\/en\/?s={search_term_string}\"},\"query-input\":{\"@type\":\"PropertyValueSpecification\",\"valueRequired\":true,\"valueName\":\"search_term_string\"}}],\"inLanguage\":\"en-US\"}]}<\/script>\n<!-- \/ Yoast SEO plugin. -->","yoast_head_json":{"title":"R\u00e9paration djemb\u00e9 | BALA LAND","description":"Nous pouvons effectuer une r\u00e9paration de votre djemb\u00e9 et lui redonons une seconde vie ! Contactez nous pour nous donner vos pr\u00e9f\u00e9rences de montage.","robots":{"index":"index","follow":"follow","max-snippet":"max-snippet:-1","max-image-preview":"max-image-preview:large","max-video-preview":"max-video-preview:-1"},"canonical":"https:\/\/latelier-kora-djembe.fr\/en\/produit\/reparation-djembes\/","og_locale":"en_US","og_type":"article","og_title":"R\u00e9paration djemb\u00e9 | BALA LAND","og_description":"Nous pouvons effectuer une r\u00e9paration de votre djemb\u00e9 et lui redonons une seconde vie ! Contactez nous pour nous donner vos pr\u00e9f\u00e9rences de montage.","og_url":"https:\/\/latelier-kora-djembe.fr\/en\/produit\/reparation-djembes\/","og_site_name":"BALA LAND","article_publisher":"https:\/\/www.facebook.com\/latelier.kora.djembe\/","article_modified_time":"2024-09-03T02:31:40+00:00","og_image":[{"width":1920,"height":2560,"url":"https:\/\/latelier-kora-djembe.fr\/wp-content\/uploads\/2018\/05\/repa-djem-det-scaled.jpg","type":"image\/jpeg"}],"twitter_card":"summary_large_image","twitter_misc":{"Est. reading time":"2 minutes"},"schema":{"@context":"https:\/\/schema.org","@graph":[{"@type":"WebPage","@id":"https:\/\/latelier-kora-djembe.fr\/en\/produit\/reparation-djembes\/","url":"https:\/\/latelier-kora-djembe.fr\/en\/produit\/reparation-djembes\/","name":"R\u00e9paration djemb\u00e9 | BALA LAND","isPartOf":{"@id":"https:\/\/latelier-kora-djembe.fr\/en\/#website"},"datePublished":"2018-05-22T08:42:17+00:00","dateModified":"2024-09-03T02:31:40+00:00","description":"Nous pouvons effectuer une r\u00e9paration de votre djemb\u00e9 et lui redonons une seconde vie ! Contactez nous pour nous donner vos pr\u00e9f\u00e9rences de montage.","breadcrumb":{"@id":"https:\/\/latelier-kora-djembe.fr\/en\/produit\/reparation-djembes\/#breadcrumb"},"inLanguage":"en-US","potentialAction":[{"@type":"ReadAction","target":["https:\/\/latelier-kora-djembe.fr\/en\/produit\/reparation-djembes\/"]}]},{"@type":"BreadcrumbList","@id":"https:\/\/latelier-kora-djembe.fr\/en\/produit\/reparation-djembes\/#breadcrumb","itemListElement":[{"@type":"ListItem","position":1,"name":"Accueil","item":"https:\/\/latelier-kora-djembe.fr\/en\/home\/"},{"@type":"ListItem","position":2,"name":"Shop","item":"https:\/\/latelier-kora-djembe.fr\/en\/shop\/"},{"@type":"ListItem","position":3,"name":"R\u00e9paration djemb\u00e9"}]},{"@type":"WebSite","@id":"https:\/\/latelier-kora-djembe.fr\/en\/#website","url":"https:\/\/latelier-kora-djembe.fr\/en\/","name":"L&#039;atelier kora djembe - Vente d&#039;instruments de musique Africains","description":"Qualit\u00e9 sonorit\u00e9","potentialAction":[{"@type":"SearchAction","target":{"@type":"EntryPoint","urlTemplate":"https:\/\/latelier-kora-djembe.fr\/en\/?s={search_term_string}"},"query-input":{"@type":"PropertyValueSpecification","valueRequired":true,"valueName":"search_term_string"}}],"inLanguage":"en-US"}]}},"_links":{"self":[{"href":"https:\/\/latelier-kora-djembe.fr\/en\/wp-json\/wp\/v2\/product\/41","targetHints":{"allow":["GET"]}}],"collection":[{"href":"https:\/\/latelier-kora-djembe.fr\/en\/wp-json\/wp\/v2\/product"}],"about":[{"href":"https:\/\/latelier-kora-djembe.fr\/en\/wp-json\/wp\/v2\/types\/product"}],"replies":[{"embeddable":true,"href":"https:\/\/latelier-kora-djembe.fr\/en\/wp-json\/wp\/v2\/comments?post=41"}],"wp:attachment":[{"href":"https:\/\/latelier-kora-djembe.fr\/en\/wp-json\/wp\/v2\/media?parent=41"}],"wp:term":[{"taxonomy":"product_brand","embeddable":true,"href":"https:\/\/latelier-kora-djembe.fr\/en\/wp-json\/wp\/v2\/product_brand?post=41"},{"taxonomy":"product_cat","embeddable":true,"href":"https:\/\/latelier-kora-djembe.fr\/en\/wp-json\/wp\/v2\/product_cat?post=41"},{"taxonomy":"product_tag","embeddable":true,"href":"https:\/\/latelier-kora-djembe.fr\/en\/wp-json\/wp\/v2\/product_tag?post=41"}],"curies":[{"name":"wp","href":"https:\/\/api.w.org\/{rel}","templated":true}]}}