{"id":4197,"date":"2023-03-15T20:17:26","date_gmt":"2023-03-15T20:17:26","guid":{"rendered":"https:\/\/latelier-kora-djembe.fr\/?post_type=product&#038;p=4197"},"modified":"2024-05-30T19:40:18","modified_gmt":"2024-05-30T19:40:18","slug":"djembe-sur-mesure-du-mali-en-bois-diala","status":"publish","type":"product","link":"https:\/\/latelier-kora-djembe.fr\/en\/produit\/djembe-sur-mesure-du-mali-en-bois-diala\/","title":{"rendered":"Djemb\u00e9 sur mesure du MALI"},"content":{"rendered":"<p>Nous avons de nouveaux arrivages <strong>tr\u00e8s r\u00e9guli\u00e8rement !<\/strong><\/p>\n<p>De <strong>Guin\u00e9e ou du Mali<\/strong>, de toutes les tailles, de tous types de bois.<\/p>\n<p>N&#8217;h\u00e9sitez pas \u00e0 <strong>nous contacter<\/strong> pour connaitre le stock et avoir des photos \/ vid\u00e9os de ce que nous disposons.<\/p>\n<p>R\u00e9mi :<\/p>\n<p>0611246524<\/p>\n<p>latelier.kora.djembe@gmail.com<\/p>\n<p>&nbsp;<\/p>\n<p>&nbsp;<\/p>\n","protected":false},"excerpt":{"rendered":"<p><span style=\"color: #000000;\"><span style=\"caret-color: #000000;\"><b>Contactez nous !<\/b><\/span><\/span><\/p>\n","protected":false},"featured_media":4847,"comment_status":"open","ping_status":"closed","template":"","meta":{"_monsterinsights_skip_tracking":false,"_monsterinsights_sitenote_active":false,"_monsterinsights_sitenote_note":"","_monsterinsights_sitenote_category":0},"product_brand":[],"product_cat":[15],"product_tag":[],"class_list":{"0":"post-4197","1":"product","2":"type-product","3":"status-publish","4":"has-post-thumbnail","6":"product_cat-non-classe","7":"product_shipping_class-djembe","9":"first","10":"instock","11":"sold-individually","12":"shipping-taxable","13":"product-type-simple"},"yoast_head":"<!-- This site is optimized with the Yoast SEO plugin v24.8.1 - https:\/\/yoast.com\/wordpress\/plugins\/seo\/ -->\n<title>Djemb\u00e9 sur mesure du MALI | BALA LAND<\/title>\n<meta name=\"description\" content=\"Venez commander votre djemb\u00e9 sur mesure. Les pi\u00e8ces de la plus haute qualit\u00e9 mont\u00e9es par nos soin selon VOS go\u00fbts.\" \/>\n<meta name=\"robots\" content=\"index, follow, max-snippet:-1, max-image-preview:large, max-video-preview:-1\" \/>\n<link rel=\"canonical\" href=\"https:\/\/latelier-kora-djembe.fr\/en\/produit\/djembe-sur-mesure-du-mali-en-bois-diala\/\" \/>\n<meta property=\"og:locale\" content=\"en_US\" \/>\n<meta property=\"og:type\" content=\"article\" \/>\n<meta property=\"og:title\" content=\"Djemb\u00e9 sur mesure du MALI | BALA LAND\" \/>\n<meta property=\"og:description\" content=\"Venez commander votre djemb\u00e9 sur mesure. Les pi\u00e8ces de la plus haute qualit\u00e9 mont\u00e9es par nos soin selon VOS go\u00fbts.\" \/>\n<meta property=\"og:url\" content=\"https:\/\/latelier-kora-djembe.fr\/en\/produit\/djembe-sur-mesure-du-mali-en-bois-diala\/\" \/>\n<meta property=\"og:site_name\" content=\"BALA LAND\" \/>\n<meta property=\"article:publisher\" content=\"https:\/\/www.facebook.com\/latelier.kora.djembe\/\" \/>\n<meta property=\"article:modified_time\" content=\"2024-05-30T19:40:18+00:00\" \/>\n<meta property=\"og:image\" content=\"https:\/\/latelier-kora-djembe.fr\/wp-content\/uploads\/2023\/10\/Design-sans-titre-61-1024x1016.png\" \/>\n\t<meta property=\"og:image:width\" content=\"1024\" \/>\n\t<meta property=\"og:image:height\" content=\"1016\" \/>\n\t<meta property=\"og:image:type\" content=\"image\/png\" \/>\n<meta name=\"twitter:card\" content=\"summary_large_image\" \/>\n<meta name=\"twitter:label1\" content=\"Est. reading time\" \/>\n\t<meta name=\"twitter:data1\" content=\"1 minute\" \/>\n<script type=\"application\/ld+json\" class=\"yoast-schema-graph\">{\"@context\":\"https:\/\/schema.org\",\"@graph\":[{\"@type\":\"WebPage\",\"@id\":\"https:\/\/latelier-kora-djembe.fr\/en\/produit\/djembe-sur-mesure-du-mali-en-bois-diala\/\",\"url\":\"https:\/\/latelier-kora-djembe.fr\/en\/produit\/djembe-sur-mesure-du-mali-en-bois-diala\/\",\"name\":\"Djemb\u00e9 sur mesure du MALI | BALA LAND\",\"isPartOf\":{\"@id\":\"https:\/\/latelier-kora-djembe.fr\/en\/#website\"},\"primaryImageOfPage\":{\"@id\":\"https:\/\/latelier-kora-djembe.fr\/en\/produit\/djembe-sur-mesure-du-mali-en-bois-diala\/#primaryimage\"},\"image\":{\"@id\":\"https:\/\/latelier-kora-djembe.fr\/en\/produit\/djembe-sur-mesure-du-mali-en-bois-diala\/#primaryimage\"},\"thumbnailUrl\":\"https:\/\/latelier-kora-djembe.fr\/wp-content\/uploads\/2023\/10\/Design-sans-titre-61.png\",\"datePublished\":\"2023-03-15T20:17:26+00:00\",\"dateModified\":\"2024-05-30T19:40:18+00:00\",\"description\":\"Venez commander votre djemb\u00e9 sur mesure. Les pi\u00e8ces de la plus haute qualit\u00e9 mont\u00e9es par nos soin selon VOS go\u00fbts.\",\"breadcrumb\":{\"@id\":\"https:\/\/latelier-kora-djembe.fr\/en\/produit\/djembe-sur-mesure-du-mali-en-bois-diala\/#breadcrumb\"},\"inLanguage\":\"en-US\",\"potentialAction\":[{\"@type\":\"ReadAction\",\"target\":[\"https:\/\/latelier-kora-djembe.fr\/en\/produit\/djembe-sur-mesure-du-mali-en-bois-diala\/\"]}]},{\"@type\":\"ImageObject\",\"inLanguage\":\"en-US\",\"@id\":\"https:\/\/latelier-kora-djembe.fr\/en\/produit\/djembe-sur-mesure-du-mali-en-bois-diala\/#primaryimage\",\"url\":\"https:\/\/latelier-kora-djembe.fr\/wp-content\/uploads\/2023\/10\/Design-sans-titre-61.png\",\"contentUrl\":\"https:\/\/latelier-kora-djembe.fr\/wp-content\/uploads\/2023\/10\/Design-sans-titre-61.png\",\"width\":3024,\"height\":3000},{\"@type\":\"BreadcrumbList\",\"@id\":\"https:\/\/latelier-kora-djembe.fr\/en\/produit\/djembe-sur-mesure-du-mali-en-bois-diala\/#breadcrumb\",\"itemListElement\":[{\"@type\":\"ListItem\",\"position\":1,\"name\":\"Accueil\",\"item\":\"https:\/\/latelier-kora-djembe.fr\/en\/home\/\"},{\"@type\":\"ListItem\",\"position\":2,\"name\":\"Shop\",\"item\":\"https:\/\/latelier-kora-djembe.fr\/en\/shop\/\"},{\"@type\":\"ListItem\",\"position\":3,\"name\":\"Djemb\u00e9 sur mesure du MALI\"}]},{\"@type\":\"WebSite\",\"@id\":\"https:\/\/latelier-kora-djembe.fr\/en\/#website\",\"url\":\"https:\/\/latelier-kora-djembe.fr\/en\/\",\"name\":\"L&#039;atelier kora djembe - Vente d&#039;instruments de musique Africains\",\"description\":\"Qualit\u00e9 sonorit\u00e9\",\"potentialAction\":[{\"@type\":\"SearchAction\",\"target\":{\"@type\":\"EntryPoint\",\"urlTemplate\":\"https:\/\/latelier-kora-djembe.fr\/en\/?s={search_term_string}\"},\"query-input\":{\"@type\":\"PropertyValueSpecification\",\"valueRequired\":true,\"valueName\":\"search_term_string\"}}],\"inLanguage\":\"en-US\"}]}<\/script>\n<!-- \/ Yoast SEO plugin. -->","yoast_head_json":{"title":"Djemb\u00e9 sur mesure du MALI | BALA LAND","description":"Venez commander votre djemb\u00e9 sur mesure. Les pi\u00e8ces de la plus haute qualit\u00e9 mont\u00e9es par nos soin selon VOS go\u00fbts.","robots":{"index":"index","follow":"follow","max-snippet":"max-snippet:-1","max-image-preview":"max-image-preview:large","max-video-preview":"max-video-preview:-1"},"canonical":"https:\/\/latelier-kora-djembe.fr\/en\/produit\/djembe-sur-mesure-du-mali-en-bois-diala\/","og_locale":"en_US","og_type":"article","og_title":"Djemb\u00e9 sur mesure du MALI | BALA LAND","og_description":"Venez commander votre djemb\u00e9 sur mesure. Les pi\u00e8ces de la plus haute qualit\u00e9 mont\u00e9es par nos soin selon VOS go\u00fbts.","og_url":"https:\/\/latelier-kora-djembe.fr\/en\/produit\/djembe-sur-mesure-du-mali-en-bois-diala\/","og_site_name":"BALA LAND","article_publisher":"https:\/\/www.facebook.com\/latelier.kora.djembe\/","article_modified_time":"2024-05-30T19:40:18+00:00","og_image":[{"width":1024,"height":1016,"url":"https:\/\/latelier-kora-djembe.fr\/wp-content\/uploads\/2023\/10\/Design-sans-titre-61-1024x1016.png","type":"image\/png"}],"twitter_card":"summary_large_image","twitter_misc":{"Est. reading time":"1 minute"},"schema":{"@context":"https:\/\/schema.org","@graph":[{"@type":"WebPage","@id":"https:\/\/latelier-kora-djembe.fr\/en\/produit\/djembe-sur-mesure-du-mali-en-bois-diala\/","url":"https:\/\/latelier-kora-djembe.fr\/en\/produit\/djembe-sur-mesure-du-mali-en-bois-diala\/","name":"Djemb\u00e9 sur mesure du MALI | BALA LAND","isPartOf":{"@id":"https:\/\/latelier-kora-djembe.fr\/en\/#website"},"primaryImageOfPage":{"@id":"https:\/\/latelier-kora-djembe.fr\/en\/produit\/djembe-sur-mesure-du-mali-en-bois-diala\/#primaryimage"},"image":{"@id":"https:\/\/latelier-kora-djembe.fr\/en\/produit\/djembe-sur-mesure-du-mali-en-bois-diala\/#primaryimage"},"thumbnailUrl":"https:\/\/latelier-kora-djembe.fr\/wp-content\/uploads\/2023\/10\/Design-sans-titre-61.png","datePublished":"2023-03-15T20:17:26+00:00","dateModified":"2024-05-30T19:40:18+00:00","description":"Venez commander votre djemb\u00e9 sur mesure. Les pi\u00e8ces de la plus haute qualit\u00e9 mont\u00e9es par nos soin selon VOS go\u00fbts.","breadcrumb":{"@id":"https:\/\/latelier-kora-djembe.fr\/en\/produit\/djembe-sur-mesure-du-mali-en-bois-diala\/#breadcrumb"},"inLanguage":"en-US","potentialAction":[{"@type":"ReadAction","target":["https:\/\/latelier-kora-djembe.fr\/en\/produit\/djembe-sur-mesure-du-mali-en-bois-diala\/"]}]},{"@type":"ImageObject","inLanguage":"en-US","@id":"https:\/\/latelier-kora-djembe.fr\/en\/produit\/djembe-sur-mesure-du-mali-en-bois-diala\/#primaryimage","url":"https:\/\/latelier-kora-djembe.fr\/wp-content\/uploads\/2023\/10\/Design-sans-titre-61.png","contentUrl":"https:\/\/latelier-kora-djembe.fr\/wp-content\/uploads\/2023\/10\/Design-sans-titre-61.png","width":3024,"height":3000},{"@type":"BreadcrumbList","@id":"https:\/\/latelier-kora-djembe.fr\/en\/produit\/djembe-sur-mesure-du-mali-en-bois-diala\/#breadcrumb","itemListElement":[{"@type":"ListItem","position":1,"name":"Accueil","item":"https:\/\/latelier-kora-djembe.fr\/en\/home\/"},{"@type":"ListItem","position":2,"name":"Shop","item":"https:\/\/latelier-kora-djembe.fr\/en\/shop\/"},{"@type":"ListItem","position":3,"name":"Djemb\u00e9 sur mesure du MALI"}]},{"@type":"WebSite","@id":"https:\/\/latelier-kora-djembe.fr\/en\/#website","url":"https:\/\/latelier-kora-djembe.fr\/en\/","name":"L&#039;atelier kora djembe - Vente d&#039;instruments de musique Africains","description":"Qualit\u00e9 sonorit\u00e9","potentialAction":[{"@type":"SearchAction","target":{"@type":"EntryPoint","urlTemplate":"https:\/\/latelier-kora-djembe.fr\/en\/?s={search_term_string}"},"query-input":{"@type":"PropertyValueSpecification","valueRequired":true,"valueName":"search_term_string"}}],"inLanguage":"en-US"}]}},"_links":{"self":[{"href":"https:\/\/latelier-kora-djembe.fr\/en\/wp-json\/wp\/v2\/product\/4197","targetHints":{"allow":["GET"]}}],"collection":[{"href":"https:\/\/latelier-kora-djembe.fr\/en\/wp-json\/wp\/v2\/product"}],"about":[{"href":"https:\/\/latelier-kora-djembe.fr\/en\/wp-json\/wp\/v2\/types\/product"}],"replies":[{"embeddable":true,"href":"https:\/\/latelier-kora-djembe.fr\/en\/wp-json\/wp\/v2\/comments?post=4197"}],"wp:featuredmedia":[{"embeddable":true,"href":"https:\/\/latelier-kora-djembe.fr\/en\/wp-json\/wp\/v2\/media\/4847"}],"wp:attachment":[{"href":"https:\/\/latelier-kora-djembe.fr\/en\/wp-json\/wp\/v2\/media?parent=4197"}],"wp:term":[{"taxonomy":"product_brand","embeddable":true,"href":"https:\/\/latelier-kora-djembe.fr\/en\/wp-json\/wp\/v2\/product_brand?post=4197"},{"taxonomy":"product_cat","embeddable":true,"href":"https:\/\/latelier-kora-djembe.fr\/en\/wp-json\/wp\/v2\/product_cat?post=4197"},{"taxonomy":"product_tag","embeddable":true,"href":"https:\/\/latelier-kora-djembe.fr\/en\/wp-json\/wp\/v2\/product_tag?post=4197"}],"curies":[{"name":"wp","href":"https:\/\/api.w.org\/{rel}","templated":true}]}}