{"id":5579,"date":"2025-04-29T11:59:18","date_gmt":"2025-04-29T11:59:18","guid":{"rendered":"https:\/\/latelier-kora-djembe.fr\/?post_type=product&#038;p=5579"},"modified":"2026-01-29T13:15:26","modified_gmt":"2026-01-29T13:15:26","slug":"table-de-montage-2-clics-ca-claque","status":"publish","type":"product","link":"https:\/\/latelier-kora-djembe.fr\/en\/produit\/table-de-montage-2-clics-ca-claque\/","title":{"rendered":"Table de montage 2 CLICS &#038; \u00c7A CLAQUE"},"content":{"rendered":"<p class=\"p1\">2 CLICS &amp; \u00c7A CLAQUE \u2013 LA MACHINE \u00c0 TIRER LES DJEMB\u00c9S SANS FORCER !<\/p>\n<p class=\"p1\">Fini les douleurs aux mains, les sueurs froides, et les gal\u00e8res de tension \u00e0 l\u2019ancienne\u2026<\/p>\n<p class=\"p1\">Avec \u201c2 clics &amp; \u00e7a claque\u201d, m\u00eame un enfant peut tirer un djemb\u00e9 comme un pro !<\/p>\n<p class=\"p1\">Simplicit\u00e9 extr\u00eame, efficacit\u00e9 supr\u00eame :<\/p>\n<p class=\"p1\">Un clic, tu bloques.<\/p>\n<p class=\"p1\">Deux clics\u2026 et \u00e7a claque !<\/p>\n<p class=\"p1\">Tu veux une peau tendue comme un tam-tam de guerre ?<\/p>\n<p class=\"p1\">M\u00eame une peau de crocodile se laisse faire, sans broncher !<\/p>\n<p class=\"p1\">Pas un carreau de p\u00e9t\u00e9, pas une ampoule aux doigts\u2026 juste du son pur et puissant.<\/p>\n<p class=\"p1\">C\u2019est pas de la magie, c\u2019est de la m\u00e9canique de g\u00e9nie.<\/p>\n<p><strong>Prix : 450 euros frais de port compris avec suivi colis.\u00a0<\/strong><\/p>\n<p>Contactez notre partenaire qui fabrique cette machine : moustapha.toutouh@gmail.com ou 0624610798<\/p>\n<p>&nbsp;<\/p>\n","protected":false},"excerpt":{"rendered":"<p>2 CLICS &amp; \u00c7A CLAQUE \u2013 LA MACHINE \u00c0 TIRER LES DJEMB\u00c9S SANS FORCER ! Fini les douleurs aux mains, les sueurs froides, et les gal\u00e8res de tension \u00e0 l\u2019ancienne\u2026 Avec \u201c2 clics &amp; \u00e7a claque\u201d, m\u00eame un enfant peut tirer un djemb\u00e9 comme un pro ! Simplicit\u00e9 extr\u00eame, efficacit\u00e9 supr\u00eame : Un clic, tu [&#8230;]\n","protected":false},"featured_media":5578,"comment_status":"open","ping_status":"closed","template":"","meta":{"_monsterinsights_skip_tracking":false,"_monsterinsights_sitenote_active":false,"_monsterinsights_sitenote_note":"","_monsterinsights_sitenote_category":0},"product_brand":[],"product_cat":[377],"product_tag":[],"class_list":{"0":"post-5579","1":"product","2":"type-product","3":"status-publish","4":"has-post-thumbnail","6":"product_cat-table-pour-montage-de-djembe","8":"first","9":"onbackorder","10":"shipping-taxable","11":"product-type-simple"},"yoast_head":"<!-- This site is optimized with the Yoast SEO plugin v24.8.1 - https:\/\/yoast.com\/wordpress\/plugins\/seo\/ -->\n<title>Table de montage 2 CLICS &amp; \u00c7A CLAQUE | BALA LAND<\/title>\n<meta name=\"robots\" content=\"index, follow, max-snippet:-1, max-image-preview:large, max-video-preview:-1\" \/>\n<link rel=\"canonical\" href=\"https:\/\/latelier-kora-djembe.fr\/en\/produit\/table-de-montage-2-clics-ca-claque\/\" \/>\n<meta property=\"og:locale\" content=\"en_US\" \/>\n<meta property=\"og:type\" content=\"article\" \/>\n<meta property=\"og:title\" content=\"Table de montage 2 CLICS &amp; \u00c7A CLAQUE | BALA LAND\" \/>\n<meta property=\"og:description\" content=\"2 CLICS &amp; \u00c7A CLAQUE \u2013 LA MACHINE \u00c0 TIRER LES DJEMB\u00c9S SANS FORCER ! Fini les douleurs aux mains, les sueurs froides, et les gal\u00e8res de tension \u00e0 l\u2019ancienne\u2026 Avec \u201c2 clics &amp; \u00e7a claque\u201d, m\u00eame un enfant peut tirer un djemb\u00e9 comme un pro ! Simplicit\u00e9 extr\u00eame, efficacit\u00e9 supr\u00eame : Un clic, tu [...]\" \/>\n<meta property=\"og:url\" content=\"https:\/\/latelier-kora-djembe.fr\/en\/produit\/table-de-montage-2-clics-ca-claque\/\" \/>\n<meta property=\"og:site_name\" content=\"BALA LAND\" \/>\n<meta property=\"article:publisher\" content=\"https:\/\/www.facebook.com\/latelier.kora.djembe\/\" \/>\n<meta property=\"article:modified_time\" content=\"2026-01-29T13:15:26+00:00\" \/>\n<meta property=\"og:image\" content=\"https:\/\/latelier-kora-djembe.fr\/wp-content\/uploads\/2025\/04\/att.Y9tzqjJ75xloLOhOBS8PNiXh-YkzxQK_yt0F6zG_0r4.jpg\" \/>\n\t<meta property=\"og:image:width\" content=\"768\" \/>\n\t<meta property=\"og:image:height\" content=\"1024\" \/>\n\t<meta property=\"og:image:type\" content=\"image\/jpeg\" \/>\n<meta name=\"twitter:card\" content=\"summary_large_image\" \/>\n<meta name=\"twitter:label1\" content=\"Est. reading time\" \/>\n\t<meta name=\"twitter:data1\" content=\"1 minute\" \/>\n<script type=\"application\/ld+json\" class=\"yoast-schema-graph\">{\"@context\":\"https:\/\/schema.org\",\"@graph\":[{\"@type\":\"WebPage\",\"@id\":\"https:\/\/latelier-kora-djembe.fr\/en\/produit\/table-de-montage-2-clics-ca-claque\/\",\"url\":\"https:\/\/latelier-kora-djembe.fr\/en\/produit\/table-de-montage-2-clics-ca-claque\/\",\"name\":\"Table de montage 2 CLICS & \u00c7A CLAQUE | BALA LAND\",\"isPartOf\":{\"@id\":\"https:\/\/latelier-kora-djembe.fr\/en\/#website\"},\"primaryImageOfPage\":{\"@id\":\"https:\/\/latelier-kora-djembe.fr\/en\/produit\/table-de-montage-2-clics-ca-claque\/#primaryimage\"},\"image\":{\"@id\":\"https:\/\/latelier-kora-djembe.fr\/en\/produit\/table-de-montage-2-clics-ca-claque\/#primaryimage\"},\"thumbnailUrl\":\"https:\/\/latelier-kora-djembe.fr\/wp-content\/uploads\/2025\/04\/att.Y9tzqjJ75xloLOhOBS8PNiXh-YkzxQK_yt0F6zG_0r4.jpg\",\"datePublished\":\"2025-04-29T11:59:18+00:00\",\"dateModified\":\"2026-01-29T13:15:26+00:00\",\"breadcrumb\":{\"@id\":\"https:\/\/latelier-kora-djembe.fr\/en\/produit\/table-de-montage-2-clics-ca-claque\/#breadcrumb\"},\"inLanguage\":\"en-US\",\"potentialAction\":[{\"@type\":\"ReadAction\",\"target\":[\"https:\/\/latelier-kora-djembe.fr\/en\/produit\/table-de-montage-2-clics-ca-claque\/\"]}]},{\"@type\":\"ImageObject\",\"inLanguage\":\"en-US\",\"@id\":\"https:\/\/latelier-kora-djembe.fr\/en\/produit\/table-de-montage-2-clics-ca-claque\/#primaryimage\",\"url\":\"https:\/\/latelier-kora-djembe.fr\/wp-content\/uploads\/2025\/04\/att.Y9tzqjJ75xloLOhOBS8PNiXh-YkzxQK_yt0F6zG_0r4.jpg\",\"contentUrl\":\"https:\/\/latelier-kora-djembe.fr\/wp-content\/uploads\/2025\/04\/att.Y9tzqjJ75xloLOhOBS8PNiXh-YkzxQK_yt0F6zG_0r4.jpg\",\"width\":768,\"height\":1024},{\"@type\":\"BreadcrumbList\",\"@id\":\"https:\/\/latelier-kora-djembe.fr\/en\/produit\/table-de-montage-2-clics-ca-claque\/#breadcrumb\",\"itemListElement\":[{\"@type\":\"ListItem\",\"position\":1,\"name\":\"Accueil\",\"item\":\"https:\/\/latelier-kora-djembe.fr\/en\/home\/\"},{\"@type\":\"ListItem\",\"position\":2,\"name\":\"Shop\",\"item\":\"https:\/\/latelier-kora-djembe.fr\/en\/shop\/\"},{\"@type\":\"ListItem\",\"position\":3,\"name\":\"Table de montage 2 CLICS &#038; \u00c7A CLAQUE\"}]},{\"@type\":\"WebSite\",\"@id\":\"https:\/\/latelier-kora-djembe.fr\/en\/#website\",\"url\":\"https:\/\/latelier-kora-djembe.fr\/en\/\",\"name\":\"L&#039;atelier kora djembe - Vente d&#039;instruments de musique Africains\",\"description\":\"Qualit\u00e9 sonorit\u00e9\",\"potentialAction\":[{\"@type\":\"SearchAction\",\"target\":{\"@type\":\"EntryPoint\",\"urlTemplate\":\"https:\/\/latelier-kora-djembe.fr\/en\/?s={search_term_string}\"},\"query-input\":{\"@type\":\"PropertyValueSpecification\",\"valueRequired\":true,\"valueName\":\"search_term_string\"}}],\"inLanguage\":\"en-US\"}]}<\/script>\n<!-- \/ Yoast SEO plugin. -->","yoast_head_json":{"title":"Table de montage 2 CLICS & \u00c7A CLAQUE | BALA LAND","robots":{"index":"index","follow":"follow","max-snippet":"max-snippet:-1","max-image-preview":"max-image-preview:large","max-video-preview":"max-video-preview:-1"},"canonical":"https:\/\/latelier-kora-djembe.fr\/en\/produit\/table-de-montage-2-clics-ca-claque\/","og_locale":"en_US","og_type":"article","og_title":"Table de montage 2 CLICS & \u00c7A CLAQUE | BALA LAND","og_description":"2 CLICS &amp; \u00c7A CLAQUE \u2013 LA MACHINE \u00c0 TIRER LES DJEMB\u00c9S SANS FORCER ! Fini les douleurs aux mains, les sueurs froides, et les gal\u00e8res de tension \u00e0 l\u2019ancienne\u2026 Avec \u201c2 clics &amp; \u00e7a claque\u201d, m\u00eame un enfant peut tirer un djemb\u00e9 comme un pro ! Simplicit\u00e9 extr\u00eame, efficacit\u00e9 supr\u00eame : Un clic, tu [...]","og_url":"https:\/\/latelier-kora-djembe.fr\/en\/produit\/table-de-montage-2-clics-ca-claque\/","og_site_name":"BALA LAND","article_publisher":"https:\/\/www.facebook.com\/latelier.kora.djembe\/","article_modified_time":"2026-01-29T13:15:26+00:00","og_image":[{"width":768,"height":1024,"url":"https:\/\/latelier-kora-djembe.fr\/wp-content\/uploads\/2025\/04\/att.Y9tzqjJ75xloLOhOBS8PNiXh-YkzxQK_yt0F6zG_0r4.jpg","type":"image\/jpeg"}],"twitter_card":"summary_large_image","twitter_misc":{"Est. reading time":"1 minute"},"schema":{"@context":"https:\/\/schema.org","@graph":[{"@type":"WebPage","@id":"https:\/\/latelier-kora-djembe.fr\/en\/produit\/table-de-montage-2-clics-ca-claque\/","url":"https:\/\/latelier-kora-djembe.fr\/en\/produit\/table-de-montage-2-clics-ca-claque\/","name":"Table de montage 2 CLICS & \u00c7A CLAQUE | BALA LAND","isPartOf":{"@id":"https:\/\/latelier-kora-djembe.fr\/en\/#website"},"primaryImageOfPage":{"@id":"https:\/\/latelier-kora-djembe.fr\/en\/produit\/table-de-montage-2-clics-ca-claque\/#primaryimage"},"image":{"@id":"https:\/\/latelier-kora-djembe.fr\/en\/produit\/table-de-montage-2-clics-ca-claque\/#primaryimage"},"thumbnailUrl":"https:\/\/latelier-kora-djembe.fr\/wp-content\/uploads\/2025\/04\/att.Y9tzqjJ75xloLOhOBS8PNiXh-YkzxQK_yt0F6zG_0r4.jpg","datePublished":"2025-04-29T11:59:18+00:00","dateModified":"2026-01-29T13:15:26+00:00","breadcrumb":{"@id":"https:\/\/latelier-kora-djembe.fr\/en\/produit\/table-de-montage-2-clics-ca-claque\/#breadcrumb"},"inLanguage":"en-US","potentialAction":[{"@type":"ReadAction","target":["https:\/\/latelier-kora-djembe.fr\/en\/produit\/table-de-montage-2-clics-ca-claque\/"]}]},{"@type":"ImageObject","inLanguage":"en-US","@id":"https:\/\/latelier-kora-djembe.fr\/en\/produit\/table-de-montage-2-clics-ca-claque\/#primaryimage","url":"https:\/\/latelier-kora-djembe.fr\/wp-content\/uploads\/2025\/04\/att.Y9tzqjJ75xloLOhOBS8PNiXh-YkzxQK_yt0F6zG_0r4.jpg","contentUrl":"https:\/\/latelier-kora-djembe.fr\/wp-content\/uploads\/2025\/04\/att.Y9tzqjJ75xloLOhOBS8PNiXh-YkzxQK_yt0F6zG_0r4.jpg","width":768,"height":1024},{"@type":"BreadcrumbList","@id":"https:\/\/latelier-kora-djembe.fr\/en\/produit\/table-de-montage-2-clics-ca-claque\/#breadcrumb","itemListElement":[{"@type":"ListItem","position":1,"name":"Accueil","item":"https:\/\/latelier-kora-djembe.fr\/en\/home\/"},{"@type":"ListItem","position":2,"name":"Shop","item":"https:\/\/latelier-kora-djembe.fr\/en\/shop\/"},{"@type":"ListItem","position":3,"name":"Table de montage 2 CLICS &#038; \u00c7A CLAQUE"}]},{"@type":"WebSite","@id":"https:\/\/latelier-kora-djembe.fr\/en\/#website","url":"https:\/\/latelier-kora-djembe.fr\/en\/","name":"L&#039;atelier kora djembe - Vente d&#039;instruments de musique Africains","description":"Qualit\u00e9 sonorit\u00e9","potentialAction":[{"@type":"SearchAction","target":{"@type":"EntryPoint","urlTemplate":"https:\/\/latelier-kora-djembe.fr\/en\/?s={search_term_string}"},"query-input":{"@type":"PropertyValueSpecification","valueRequired":true,"valueName":"search_term_string"}}],"inLanguage":"en-US"}]}},"_links":{"self":[{"href":"https:\/\/latelier-kora-djembe.fr\/en\/wp-json\/wp\/v2\/product\/5579","targetHints":{"allow":["GET"]}}],"collection":[{"href":"https:\/\/latelier-kora-djembe.fr\/en\/wp-json\/wp\/v2\/product"}],"about":[{"href":"https:\/\/latelier-kora-djembe.fr\/en\/wp-json\/wp\/v2\/types\/product"}],"replies":[{"embeddable":true,"href":"https:\/\/latelier-kora-djembe.fr\/en\/wp-json\/wp\/v2\/comments?post=5579"}],"wp:featuredmedia":[{"embeddable":true,"href":"https:\/\/latelier-kora-djembe.fr\/en\/wp-json\/wp\/v2\/media\/5578"}],"wp:attachment":[{"href":"https:\/\/latelier-kora-djembe.fr\/en\/wp-json\/wp\/v2\/media?parent=5579"}],"wp:term":[{"taxonomy":"product_brand","embeddable":true,"href":"https:\/\/latelier-kora-djembe.fr\/en\/wp-json\/wp\/v2\/product_brand?post=5579"},{"taxonomy":"product_cat","embeddable":true,"href":"https:\/\/latelier-kora-djembe.fr\/en\/wp-json\/wp\/v2\/product_cat?post=5579"},{"taxonomy":"product_tag","embeddable":true,"href":"https:\/\/latelier-kora-djembe.fr\/en\/wp-json\/wp\/v2\/product_tag?post=5579"}],"curies":[{"name":"wp","href":"https:\/\/api.w.org\/{rel}","templated":true}]}}