{"id":6086,"date":"2021-05-10T16:08:26","date_gmt":"2021-05-10T16:08:26","guid":{"rendered":"https:\/\/latelier-kora-djembe.fr\/produit\/harouna-dembele-signature-djembe-in-linke-wood\/"},"modified":"2021-05-10T16:08:26","modified_gmt":"2021-05-10T16:08:26","slug":"harouna-dembele-signature-djembe-in-linke-wood","status":"publish","type":"product","link":"https:\/\/latelier-kora-djembe.fr\/en\/produit\/harouna-dembele-signature-djembe-in-linke-wood\/","title":{"rendered":"Harouna Demb\u00e9l\u00e9 Signature Djembe in Link\u00e9 Wood"},"content":{"rendered":"<p><strong>Carved<\/strong> to <strong>Harouna Demb\u00e9l\u00e9&#8217;s<\/strong> specifications, assembled by <strong>us.<\/strong><\/p>\n<p>This carving brings a lot of <strong>volume to the sound.<\/strong><\/p>\n<p>The shell is <strong>voluminous<\/strong> and the foot opening is very wide.<\/p>\n<p><strong>Harouna<\/strong> himself asks his carver for the shape <strong>he desires<\/strong> and has the Djembe carved according to <strong>his tastes.<\/strong><\/p>\n<p>This djembe is exactly the instrument <strong>he would play!<\/strong><\/p>\n<p><em>Technical specifications:<\/em><\/p>\n<ul>\n<li>Link\u00e9 wood from Burkina Faso<\/li>\n<li>Diameter 35.5 cm \/ height 63 cm<\/li>\n<li>Vertical cording in 6 mm pre-stretched polyester<\/li>\n<li>Glued rubber protection<\/li>\n<li>Sanded, oiled, and assembled by us<\/li>\n<li>Medium+ goat skin<\/li>\n<li>Delivered full power \ud83d\ude42<\/li>\n<\/ul>\n<p><iframe loading=\"lazy\" title=\"YouTube video player\" src=\"https:\/\/www.youtube.com\/embed\/kpIlvQ1Qx1E\" width=\"560\" height=\"315\" frameborder=\"0\" allowfullscreen=\"allowfullscreen\"><\/iframe><br \/>\n<iframe loading=\"lazy\" title=\"YouTube video player\" src=\"https:\/\/www.youtube.com\/embed\/z8CgJoAbOCU?si=N-QXKS-x3L8UZ9oJ\" width=\"560\" height=\"315\" frameborder=\"0\" allowfullscreen=\"allowfullscreen\"><\/iframe><\/p>\n","protected":false},"excerpt":{"rendered":"<p><strong>A djembe chosen by Harouna Demb\u00e9l\u00e9 according to his requirements and assembled by us &#8230;.<\/strong><\/p>\n","protected":false},"featured_media":0,"comment_status":"open","ping_status":"closed","template":"","meta":{"_monsterinsights_skip_tracking":false,"_monsterinsights_sitenote_active":false,"_monsterinsights_sitenote_note":"","_monsterinsights_sitenote_category":0},"product_brand":[],"product_cat":[],"product_tag":[],"class_list":{"0":"post-6086","1":"product","2":"type-product","3":"status-publish","6":"first","7":"outofstock","8":"shipping-taxable","9":"purchasable","10":"product-type-simple"},"yoast_head":"<!-- This site is optimized with the Yoast SEO plugin v24.8.1 - https:\/\/yoast.com\/wordpress\/plugins\/seo\/ -->\n<title>Harouna Demb\u00e9l\u00e9 Signature Djembe in Link\u00e9 Wood | BALA LAND<\/title>\n<meta name=\"description\" content=\"Are you looking for a very high-end instrument, chosen by one of the greatest Djembefolas in the world? Come discover our new range...\" \/>\n<meta name=\"robots\" content=\"index, follow, max-snippet:-1, max-image-preview:large, max-video-preview:-1\" \/>\n<link rel=\"canonical\" href=\"https:\/\/latelier-kora-djembe.fr\/en\/produit\/harouna-dembele-signature-djembe-in-linke-wood\/\" \/>\n<meta property=\"og:locale\" content=\"en_US\" \/>\n<meta property=\"og:type\" content=\"article\" \/>\n<meta property=\"og:title\" content=\"Harouna Demb\u00e9l\u00e9 Signature Djembe in Link\u00e9 Wood | BALA LAND\" \/>\n<meta property=\"og:description\" content=\"Are you looking for a very high-end instrument, chosen by one of the greatest Djembefolas in the world? Come discover our new range...\" \/>\n<meta property=\"og:url\" content=\"https:\/\/latelier-kora-djembe.fr\/en\/produit\/harouna-dembele-signature-djembe-in-linke-wood\/\" \/>\n<meta property=\"og:site_name\" content=\"BALA LAND\" \/>\n<meta property=\"article:publisher\" content=\"https:\/\/www.facebook.com\/latelier.kora.djembe\/\" \/>\n<meta property=\"og:image\" content=\"https:\/\/latelier-kora-djembe.fr\/wp-content\/uploads\/2021\/05\/Design-sans-titre-5-1024x1016.png\" \/>\n\t<meta property=\"og:image:width\" content=\"1024\" \/>\n\t<meta property=\"og:image:height\" content=\"1016\" \/>\n\t<meta property=\"og:image:type\" content=\"image\/png\" \/>\n<meta name=\"twitter:card\" content=\"summary_large_image\" \/>\n<script type=\"application\/ld+json\" class=\"yoast-schema-graph\">{\"@context\":\"https:\/\/schema.org\",\"@graph\":[{\"@type\":\"WebPage\",\"@id\":\"https:\/\/latelier-kora-djembe.fr\/en\/produit\/harouna-dembele-signature-djembe-in-linke-wood\/\",\"url\":\"https:\/\/latelier-kora-djembe.fr\/en\/produit\/harouna-dembele-signature-djembe-in-linke-wood\/\",\"name\":\"Harouna Demb\u00e9l\u00e9 Signature Djembe in Link\u00e9 Wood | BALA LAND\",\"isPartOf\":{\"@id\":\"https:\/\/latelier-kora-djembe.fr\/en\/#website\"},\"datePublished\":\"2021-05-10T16:08:26+00:00\",\"description\":\"Are you looking for a very high-end instrument, chosen by one of the greatest Djembefolas in the world? Come discover our new range...\",\"breadcrumb\":{\"@id\":\"https:\/\/latelier-kora-djembe.fr\/en\/produit\/harouna-dembele-signature-djembe-in-linke-wood\/#breadcrumb\"},\"inLanguage\":\"en-US\",\"potentialAction\":[{\"@type\":\"ReadAction\",\"target\":[\"https:\/\/latelier-kora-djembe.fr\/en\/produit\/harouna-dembele-signature-djembe-in-linke-wood\/\"]}]},{\"@type\":\"BreadcrumbList\",\"@id\":\"https:\/\/latelier-kora-djembe.fr\/en\/produit\/harouna-dembele-signature-djembe-in-linke-wood\/#breadcrumb\",\"itemListElement\":[{\"@type\":\"ListItem\",\"position\":1,\"name\":\"Accueil\",\"item\":\"https:\/\/latelier-kora-djembe.fr\/en\/home\/\"},{\"@type\":\"ListItem\",\"position\":2,\"name\":\"Shop\",\"item\":\"https:\/\/latelier-kora-djembe.fr\/en\/shop\/\"},{\"@type\":\"ListItem\",\"position\":3,\"name\":\"Harouna Demb\u00e9l\u00e9 Signature Djembe in Link\u00e9 Wood\"}]},{\"@type\":\"WebSite\",\"@id\":\"https:\/\/latelier-kora-djembe.fr\/en\/#website\",\"url\":\"https:\/\/latelier-kora-djembe.fr\/en\/\",\"name\":\"L&#039;atelier kora djembe - Vente d&#039;instruments de musique Africains\",\"description\":\"Qualit\u00e9 sonorit\u00e9\",\"potentialAction\":[{\"@type\":\"SearchAction\",\"target\":{\"@type\":\"EntryPoint\",\"urlTemplate\":\"https:\/\/latelier-kora-djembe.fr\/en\/?s={search_term_string}\"},\"query-input\":{\"@type\":\"PropertyValueSpecification\",\"valueRequired\":true,\"valueName\":\"search_term_string\"}}],\"inLanguage\":\"en-US\"}]}<\/script>\n<!-- \/ Yoast SEO plugin. -->","yoast_head_json":{"title":"Harouna Demb\u00e9l\u00e9 Signature Djembe in Link\u00e9 Wood | BALA LAND","description":"Are you looking for a very high-end instrument, chosen by one of the greatest Djembefolas in the world? Come discover our new range...","robots":{"index":"index","follow":"follow","max-snippet":"max-snippet:-1","max-image-preview":"max-image-preview:large","max-video-preview":"max-video-preview:-1"},"canonical":"https:\/\/latelier-kora-djembe.fr\/en\/produit\/harouna-dembele-signature-djembe-in-linke-wood\/","og_locale":"en_US","og_type":"article","og_title":"Harouna Demb\u00e9l\u00e9 Signature Djembe in Link\u00e9 Wood | BALA LAND","og_description":"Are you looking for a very high-end instrument, chosen by one of the greatest Djembefolas in the world? Come discover our new range...","og_url":"https:\/\/latelier-kora-djembe.fr\/en\/produit\/harouna-dembele-signature-djembe-in-linke-wood\/","og_site_name":"BALA LAND","article_publisher":"https:\/\/www.facebook.com\/latelier.kora.djembe\/","og_image":[{"width":1024,"height":1016,"url":"https:\/\/latelier-kora-djembe.fr\/wp-content\/uploads\/2021\/05\/Design-sans-titre-5-1024x1016.png","type":"image\/png"}],"twitter_card":"summary_large_image","schema":{"@context":"https:\/\/schema.org","@graph":[{"@type":"WebPage","@id":"https:\/\/latelier-kora-djembe.fr\/en\/produit\/harouna-dembele-signature-djembe-in-linke-wood\/","url":"https:\/\/latelier-kora-djembe.fr\/en\/produit\/harouna-dembele-signature-djembe-in-linke-wood\/","name":"Harouna Demb\u00e9l\u00e9 Signature Djembe in Link\u00e9 Wood | BALA LAND","isPartOf":{"@id":"https:\/\/latelier-kora-djembe.fr\/en\/#website"},"datePublished":"2021-05-10T16:08:26+00:00","description":"Are you looking for a very high-end instrument, chosen by one of the greatest Djembefolas in the world? Come discover our new range...","breadcrumb":{"@id":"https:\/\/latelier-kora-djembe.fr\/en\/produit\/harouna-dembele-signature-djembe-in-linke-wood\/#breadcrumb"},"inLanguage":"en-US","potentialAction":[{"@type":"ReadAction","target":["https:\/\/latelier-kora-djembe.fr\/en\/produit\/harouna-dembele-signature-djembe-in-linke-wood\/"]}]},{"@type":"BreadcrumbList","@id":"https:\/\/latelier-kora-djembe.fr\/en\/produit\/harouna-dembele-signature-djembe-in-linke-wood\/#breadcrumb","itemListElement":[{"@type":"ListItem","position":1,"name":"Accueil","item":"https:\/\/latelier-kora-djembe.fr\/en\/home\/"},{"@type":"ListItem","position":2,"name":"Shop","item":"https:\/\/latelier-kora-djembe.fr\/en\/shop\/"},{"@type":"ListItem","position":3,"name":"Harouna Demb\u00e9l\u00e9 Signature Djembe in Link\u00e9 Wood"}]},{"@type":"WebSite","@id":"https:\/\/latelier-kora-djembe.fr\/en\/#website","url":"https:\/\/latelier-kora-djembe.fr\/en\/","name":"L&#039;atelier kora djembe - Vente d&#039;instruments de musique Africains","description":"Qualit\u00e9 sonorit\u00e9","potentialAction":[{"@type":"SearchAction","target":{"@type":"EntryPoint","urlTemplate":"https:\/\/latelier-kora-djembe.fr\/en\/?s={search_term_string}"},"query-input":{"@type":"PropertyValueSpecification","valueRequired":true,"valueName":"search_term_string"}}],"inLanguage":"en-US"}]}},"_links":{"self":[{"href":"https:\/\/latelier-kora-djembe.fr\/en\/wp-json\/wp\/v2\/product\/6086","targetHints":{"allow":["GET"]}}],"collection":[{"href":"https:\/\/latelier-kora-djembe.fr\/en\/wp-json\/wp\/v2\/product"}],"about":[{"href":"https:\/\/latelier-kora-djembe.fr\/en\/wp-json\/wp\/v2\/types\/product"}],"replies":[{"embeddable":true,"href":"https:\/\/latelier-kora-djembe.fr\/en\/wp-json\/wp\/v2\/comments?post=6086"}],"wp:attachment":[{"href":"https:\/\/latelier-kora-djembe.fr\/en\/wp-json\/wp\/v2\/media?parent=6086"}],"wp:term":[{"taxonomy":"product_brand","embeddable":true,"href":"https:\/\/latelier-kora-djembe.fr\/en\/wp-json\/wp\/v2\/product_brand?post=6086"},{"taxonomy":"product_cat","embeddable":true,"href":"https:\/\/latelier-kora-djembe.fr\/en\/wp-json\/wp\/v2\/product_cat?post=6086"},{"taxonomy":"product_tag","embeddable":true,"href":"https:\/\/latelier-kora-djembe.fr\/en\/wp-json\/wp\/v2\/product_tag?post=6086"}],"curies":[{"name":"wp","href":"https:\/\/api.w.org\/{rel}","templated":true}]}}