{"id":6771,"date":"2025-10-01T10:08:21","date_gmt":"2025-10-01T10:08:21","guid":{"rendered":"https:\/\/latelier-kora-djembe.fr\/produit\/set-of-5-premium-shells\/"},"modified":"2025-10-01T10:08:21","modified_gmt":"2025-10-01T10:08:21","slug":"set-of-5-premium-shells","status":"publish","type":"product","link":"https:\/\/latelier-kora-djembe.fr\/en\/produit\/set-of-5-premium-shells\/","title":{"rendered":"Set of 5 premium shells"},"content":{"rendered":"<p><strong>Set of 5 premium shells.<\/strong><\/p>\n<p>In stock<\/p>\n<p>Shells without any defects.<\/p>\n<p><em>Specifications<\/em><\/p>\n<p><strong>2 f\u00fbts en bois de balafon :<\/strong><\/p>\n<ul>\n<li>35,5 cm de diam\u00e8tre \/ 64 cm de haut \/ 11,4 kg<\/li>\n<li>34 cm de diam\u00e8tre \/ 63,5 cm de haut \/ 11,7 kg<\/li>\n<\/ul>\n<p><strong>3 f\u00fbts en bois de link\u00e9 :<\/strong><\/p>\n<ul>\n<li>34 cm \/ 63 \/ 9,3 kg<\/li>\n<li>35 cm \/ 62,5 cm \/ 10 kg<\/li>\n<li>34,5 cm \/ 62 cm \/ 9,1 kg<\/li>\n<\/ul>\n<p>\u26a0\ufe0f Shells will be delivered without rings, to add it, contact me before ordering.<\/p>\n","protected":false},"excerpt":{"rendered":"<p><strong>Set of 5 premium shell<\/strong><\/p>\n<p><strong>No defects<\/strong><\/p>\n<p>&nbsp;<\/p>\n","protected":false},"featured_media":0,"comment_status":"open","ping_status":"closed","template":"","meta":{"_monsterinsights_skip_tracking":false,"_monsterinsights_sitenote_active":false,"_monsterinsights_sitenote_note":"","_monsterinsights_sitenote_category":0},"product_brand":[],"product_cat":[428],"product_tag":[],"class_list":{"0":"post-6771","1":"product","2":"type-product","3":"status-publish","5":"product_cat-empty-shells","6":"product_shipping_class-set-of-shell","8":"first","9":"outofstock","10":"sold-individually","11":"shipping-taxable","12":"purchasable","13":"product-type-simple"},"yoast_head":"<!-- This site is optimized with the Yoast SEO plugin v24.8.1 - https:\/\/yoast.com\/wordpress\/plugins\/seo\/ -->\n<title>Set of 5 premium shells | BALA LAND<\/title>\n<meta name=\"description\" content=\"Venez d\u00e9couvrir nos f\u00fbts \u00e0 monter pour des djemb\u00e9s de tr\u00e8s haute qualit\u00e9. Les meilleurs bois s\u00e9lectionn\u00e9s pour vous ....\" \/>\n<meta name=\"robots\" content=\"index, follow, max-snippet:-1, max-image-preview:large, max-video-preview:-1\" \/>\n<link rel=\"canonical\" href=\"https:\/\/latelier-kora-djembe.fr\/en\/produit\/set-of-5-premium-shells\/\" \/>\n<meta property=\"og:locale\" content=\"en_US\" \/>\n<meta property=\"og:type\" content=\"article\" \/>\n<meta property=\"og:title\" content=\"Set of 5 premium shells | BALA LAND\" \/>\n<meta property=\"og:description\" content=\"Venez d\u00e9couvrir nos f\u00fbts \u00e0 monter pour des djemb\u00e9s de tr\u00e8s haute qualit\u00e9. Les meilleurs bois s\u00e9lectionn\u00e9s pour vous ....\" \/>\n<meta property=\"og:url\" content=\"https:\/\/latelier-kora-djembe.fr\/en\/produit\/set-of-5-premium-shells\/\" \/>\n<meta property=\"og:site_name\" content=\"BALA LAND\" \/>\n<meta property=\"article:publisher\" content=\"https:\/\/www.facebook.com\/latelier.kora.djembe\/\" \/>\n<meta property=\"og:image\" content=\"https:\/\/latelier-kora-djembe.fr\/wp-content\/uploads\/2025\/10\/Design-sans-titre-41-1024x1016.png\" \/>\n\t<meta property=\"og:image:width\" content=\"1024\" \/>\n\t<meta property=\"og:image:height\" content=\"1016\" \/>\n\t<meta property=\"og:image:type\" content=\"image\/png\" \/>\n<meta name=\"twitter:card\" content=\"summary_large_image\" \/>\n<script type=\"application\/ld+json\" class=\"yoast-schema-graph\">{\"@context\":\"https:\/\/schema.org\",\"@graph\":[{\"@type\":\"WebPage\",\"@id\":\"https:\/\/latelier-kora-djembe.fr\/en\/produit\/set-of-5-premium-shells\/\",\"url\":\"https:\/\/latelier-kora-djembe.fr\/en\/produit\/set-of-5-premium-shells\/\",\"name\":\"Set of 5 premium shells | BALA LAND\",\"isPartOf\":{\"@id\":\"https:\/\/latelier-kora-djembe.fr\/en\/#website\"},\"datePublished\":\"2025-10-01T10:08:21+00:00\",\"description\":\"Venez d\u00e9couvrir nos f\u00fbts \u00e0 monter pour des djemb\u00e9s de tr\u00e8s haute qualit\u00e9. Les meilleurs bois s\u00e9lectionn\u00e9s pour vous ....\",\"breadcrumb\":{\"@id\":\"https:\/\/latelier-kora-djembe.fr\/en\/produit\/set-of-5-premium-shells\/#breadcrumb\"},\"inLanguage\":\"en-US\",\"potentialAction\":[{\"@type\":\"ReadAction\",\"target\":[\"https:\/\/latelier-kora-djembe.fr\/en\/produit\/set-of-5-premium-shells\/\"]}]},{\"@type\":\"BreadcrumbList\",\"@id\":\"https:\/\/latelier-kora-djembe.fr\/en\/produit\/set-of-5-premium-shells\/#breadcrumb\",\"itemListElement\":[{\"@type\":\"ListItem\",\"position\":1,\"name\":\"Accueil\",\"item\":\"https:\/\/latelier-kora-djembe.fr\/en\/home\/\"},{\"@type\":\"ListItem\",\"position\":2,\"name\":\"Shop\",\"item\":\"https:\/\/latelier-kora-djembe.fr\/en\/shop\/\"},{\"@type\":\"ListItem\",\"position\":3,\"name\":\"Set of 5 premium shells\"}]},{\"@type\":\"WebSite\",\"@id\":\"https:\/\/latelier-kora-djembe.fr\/en\/#website\",\"url\":\"https:\/\/latelier-kora-djembe.fr\/en\/\",\"name\":\"L&#039;atelier kora djembe - Vente d&#039;instruments de musique Africains\",\"description\":\"Qualit\u00e9 sonorit\u00e9\",\"potentialAction\":[{\"@type\":\"SearchAction\",\"target\":{\"@type\":\"EntryPoint\",\"urlTemplate\":\"https:\/\/latelier-kora-djembe.fr\/en\/?s={search_term_string}\"},\"query-input\":{\"@type\":\"PropertyValueSpecification\",\"valueRequired\":true,\"valueName\":\"search_term_string\"}}],\"inLanguage\":\"en-US\"}]}<\/script>\n<!-- \/ Yoast SEO plugin. -->","yoast_head_json":{"title":"Set of 5 premium shells | BALA LAND","description":"Venez d\u00e9couvrir nos f\u00fbts \u00e0 monter pour des djemb\u00e9s de tr\u00e8s haute qualit\u00e9. Les meilleurs bois s\u00e9lectionn\u00e9s pour vous ....","robots":{"index":"index","follow":"follow","max-snippet":"max-snippet:-1","max-image-preview":"max-image-preview:large","max-video-preview":"max-video-preview:-1"},"canonical":"https:\/\/latelier-kora-djembe.fr\/en\/produit\/set-of-5-premium-shells\/","og_locale":"en_US","og_type":"article","og_title":"Set of 5 premium shells | BALA LAND","og_description":"Venez d\u00e9couvrir nos f\u00fbts \u00e0 monter pour des djemb\u00e9s de tr\u00e8s haute qualit\u00e9. Les meilleurs bois s\u00e9lectionn\u00e9s pour vous ....","og_url":"https:\/\/latelier-kora-djembe.fr\/en\/produit\/set-of-5-premium-shells\/","og_site_name":"BALA LAND","article_publisher":"https:\/\/www.facebook.com\/latelier.kora.djembe\/","og_image":[{"width":1024,"height":1016,"url":"https:\/\/latelier-kora-djembe.fr\/wp-content\/uploads\/2025\/10\/Design-sans-titre-41-1024x1016.png","type":"image\/png"}],"twitter_card":"summary_large_image","schema":{"@context":"https:\/\/schema.org","@graph":[{"@type":"WebPage","@id":"https:\/\/latelier-kora-djembe.fr\/en\/produit\/set-of-5-premium-shells\/","url":"https:\/\/latelier-kora-djembe.fr\/en\/produit\/set-of-5-premium-shells\/","name":"Set of 5 premium shells | BALA LAND","isPartOf":{"@id":"https:\/\/latelier-kora-djembe.fr\/en\/#website"},"datePublished":"2025-10-01T10:08:21+00:00","description":"Venez d\u00e9couvrir nos f\u00fbts \u00e0 monter pour des djemb\u00e9s de tr\u00e8s haute qualit\u00e9. Les meilleurs bois s\u00e9lectionn\u00e9s pour vous ....","breadcrumb":{"@id":"https:\/\/latelier-kora-djembe.fr\/en\/produit\/set-of-5-premium-shells\/#breadcrumb"},"inLanguage":"en-US","potentialAction":[{"@type":"ReadAction","target":["https:\/\/latelier-kora-djembe.fr\/en\/produit\/set-of-5-premium-shells\/"]}]},{"@type":"BreadcrumbList","@id":"https:\/\/latelier-kora-djembe.fr\/en\/produit\/set-of-5-premium-shells\/#breadcrumb","itemListElement":[{"@type":"ListItem","position":1,"name":"Accueil","item":"https:\/\/latelier-kora-djembe.fr\/en\/home\/"},{"@type":"ListItem","position":2,"name":"Shop","item":"https:\/\/latelier-kora-djembe.fr\/en\/shop\/"},{"@type":"ListItem","position":3,"name":"Set of 5 premium shells"}]},{"@type":"WebSite","@id":"https:\/\/latelier-kora-djembe.fr\/en\/#website","url":"https:\/\/latelier-kora-djembe.fr\/en\/","name":"L&#039;atelier kora djembe - Vente d&#039;instruments de musique Africains","description":"Qualit\u00e9 sonorit\u00e9","potentialAction":[{"@type":"SearchAction","target":{"@type":"EntryPoint","urlTemplate":"https:\/\/latelier-kora-djembe.fr\/en\/?s={search_term_string}"},"query-input":{"@type":"PropertyValueSpecification","valueRequired":true,"valueName":"search_term_string"}}],"inLanguage":"en-US"}]}},"_links":{"self":[{"href":"https:\/\/latelier-kora-djembe.fr\/en\/wp-json\/wp\/v2\/product\/6771","targetHints":{"allow":["GET"]}}],"collection":[{"href":"https:\/\/latelier-kora-djembe.fr\/en\/wp-json\/wp\/v2\/product"}],"about":[{"href":"https:\/\/latelier-kora-djembe.fr\/en\/wp-json\/wp\/v2\/types\/product"}],"replies":[{"embeddable":true,"href":"https:\/\/latelier-kora-djembe.fr\/en\/wp-json\/wp\/v2\/comments?post=6771"}],"wp:attachment":[{"href":"https:\/\/latelier-kora-djembe.fr\/en\/wp-json\/wp\/v2\/media?parent=6771"}],"wp:term":[{"taxonomy":"product_brand","embeddable":true,"href":"https:\/\/latelier-kora-djembe.fr\/en\/wp-json\/wp\/v2\/product_brand?post=6771"},{"taxonomy":"product_cat","embeddable":true,"href":"https:\/\/latelier-kora-djembe.fr\/en\/wp-json\/wp\/v2\/product_cat?post=6771"},{"taxonomy":"product_tag","embeddable":true,"href":"https:\/\/latelier-kora-djembe.fr\/en\/wp-json\/wp\/v2\/product_tag?post=6771"}],"curies":[{"name":"wp","href":"https:\/\/api.w.org\/{rel}","templated":true}]}}