{"id":7252,"date":"2026-01-21T21:22:22","date_gmt":"2026-01-21T21:22:22","guid":{"rendered":"https:\/\/latelier-kora-djembe.fr\/?post_type=product&#038;p=7252"},"modified":"2026-01-21T21:24:51","modified_gmt":"2026-01-21T21:24:51","slug":"37-cm-bala-wood-shell-copie-2","status":"publish","type":"product","link":"https:\/\/latelier-kora-djembe.fr\/en\/produit\/37-cm-bala-wood-shell-copie-2\/","title":{"rendered":"37 cm bala wood shell (Copie)"},"content":{"rendered":"<p><strong>Premium wood shell.<\/strong><\/p>\n<p>In stock<\/p>\n<p><em>Specifications :<\/em><\/p>\n<ul>\n<li>Bala wood from Guin\u00e9e<\/li>\n<li>37 cm diameter \/ 64,5 cm height \/ 11,1 kg<\/li>\n<\/ul>\n","protected":false},"excerpt":{"rendered":"<p><strong>Premium quality shell<\/strong><\/p>\n<p>&nbsp;<\/p>\n","protected":false},"featured_media":7261,"comment_status":"open","ping_status":"closed","template":"","meta":{"_monsterinsights_skip_tracking":false,"_monsterinsights_sitenote_active":false,"_monsterinsights_sitenote_note":"","_monsterinsights_sitenote_category":0},"product_brand":[],"product_cat":[428],"product_tag":[],"class_list":{"0":"post-7252","1":"product","2":"type-product","3":"status-publish","4":"has-post-thumbnail","6":"product_cat-empty-shells","7":"product_shipping_class-djembe","9":"first","10":"outofstock","11":"sold-individually","12":"shipping-taxable","13":"purchasable","14":"product-type-variable"},"yoast_head":"<!-- This site is optimized with the Yoast SEO plugin v24.8.1 - https:\/\/yoast.com\/wordpress\/plugins\/seo\/ -->\n<title>37 cm bala wood shell (Copie) | BALA LAND<\/title>\n<meta name=\"description\" content=\"Venez d\u00e9couvrir nos f\u00fbts \u00e0 monter pour des djemb\u00e9s de tr\u00e8s haute qualit\u00e9. Les meilleurs bois s\u00e9lectionn\u00e9s pour vous ....\" \/>\n<meta name=\"robots\" content=\"index, follow, max-snippet:-1, max-image-preview:large, max-video-preview:-1\" \/>\n<link rel=\"canonical\" href=\"https:\/\/latelier-kora-djembe.fr\/en\/produit\/37-cm-bala-wood-shell-copie-2\/\" \/>\n<meta property=\"og:locale\" content=\"en_US\" \/>\n<meta property=\"og:type\" content=\"article\" \/>\n<meta property=\"og:title\" content=\"37 cm bala wood shell (Copie) | BALA LAND\" \/>\n<meta property=\"og:description\" content=\"Venez d\u00e9couvrir nos f\u00fbts \u00e0 monter pour des djemb\u00e9s de tr\u00e8s haute qualit\u00e9. Les meilleurs bois s\u00e9lectionn\u00e9s pour vous ....\" \/>\n<meta property=\"og:url\" content=\"https:\/\/latelier-kora-djembe.fr\/en\/produit\/37-cm-bala-wood-shell-copie-2\/\" \/>\n<meta property=\"og:site_name\" content=\"BALA LAND\" \/>\n<meta property=\"article:publisher\" content=\"https:\/\/www.facebook.com\/latelier.kora.djembe\/\" \/>\n<meta property=\"article:modified_time\" content=\"2026-01-21T21:24:51+00:00\" \/>\n<meta name=\"twitter:card\" content=\"summary_large_image\" \/>\n<script type=\"application\/ld+json\" class=\"yoast-schema-graph\">{\"@context\":\"https:\/\/schema.org\",\"@graph\":[{\"@type\":\"WebPage\",\"@id\":\"https:\/\/latelier-kora-djembe.fr\/en\/produit\/37-cm-bala-wood-shell-copie-2\/\",\"url\":\"https:\/\/latelier-kora-djembe.fr\/en\/produit\/37-cm-bala-wood-shell-copie-2\/\",\"name\":\"37 cm bala wood shell (Copie) | BALA LAND\",\"isPartOf\":{\"@id\":\"https:\/\/latelier-kora-djembe.fr\/en\/#website\"},\"primaryImageOfPage\":{\"@id\":\"https:\/\/latelier-kora-djembe.fr\/en\/produit\/37-cm-bala-wood-shell-copie-2\/#primaryimage\"},\"image\":{\"@id\":\"https:\/\/latelier-kora-djembe.fr\/en\/produit\/37-cm-bala-wood-shell-copie-2\/#primaryimage\"},\"thumbnailUrl\":\"https:\/\/latelier-kora-djembe.fr\/wp-content\/uploads\/2024\/12\/Djembe-3.png\",\"datePublished\":\"2026-01-21T21:22:22+00:00\",\"dateModified\":\"2026-01-21T21:24:51+00:00\",\"description\":\"Venez d\u00e9couvrir nos f\u00fbts \u00e0 monter pour des djemb\u00e9s de tr\u00e8s haute qualit\u00e9. Les meilleurs bois s\u00e9lectionn\u00e9s pour vous ....\",\"breadcrumb\":{\"@id\":\"https:\/\/latelier-kora-djembe.fr\/en\/produit\/37-cm-bala-wood-shell-copie-2\/#breadcrumb\"},\"inLanguage\":\"en-US\",\"potentialAction\":[{\"@type\":\"ReadAction\",\"target\":[\"https:\/\/latelier-kora-djembe.fr\/en\/produit\/37-cm-bala-wood-shell-copie-2\/\"]}]},{\"@type\":\"ImageObject\",\"inLanguage\":\"en-US\",\"@id\":\"https:\/\/latelier-kora-djembe.fr\/en\/produit\/37-cm-bala-wood-shell-copie-2\/#primaryimage\",\"url\":\"https:\/\/latelier-kora-djembe.fr\/wp-content\/uploads\/2024\/12\/Djembe-3.png\",\"contentUrl\":\"https:\/\/latelier-kora-djembe.fr\/wp-content\/uploads\/2024\/12\/Djembe-3.png\",\"width\":3000,\"height\":3000},{\"@type\":\"BreadcrumbList\",\"@id\":\"https:\/\/latelier-kora-djembe.fr\/en\/produit\/37-cm-bala-wood-shell-copie-2\/#breadcrumb\",\"itemListElement\":[{\"@type\":\"ListItem\",\"position\":1,\"name\":\"Accueil\",\"item\":\"https:\/\/latelier-kora-djembe.fr\/en\/home\/\"},{\"@type\":\"ListItem\",\"position\":2,\"name\":\"Shop\",\"item\":\"https:\/\/latelier-kora-djembe.fr\/en\/shop\/\"},{\"@type\":\"ListItem\",\"position\":3,\"name\":\"37 cm bala wood shell (Copie)\"}]},{\"@type\":\"WebSite\",\"@id\":\"https:\/\/latelier-kora-djembe.fr\/en\/#website\",\"url\":\"https:\/\/latelier-kora-djembe.fr\/en\/\",\"name\":\"L&#039;atelier kora djembe - Vente d&#039;instruments de musique Africains\",\"description\":\"Qualit\u00e9 sonorit\u00e9\",\"potentialAction\":[{\"@type\":\"SearchAction\",\"target\":{\"@type\":\"EntryPoint\",\"urlTemplate\":\"https:\/\/latelier-kora-djembe.fr\/en\/?s={search_term_string}\"},\"query-input\":{\"@type\":\"PropertyValueSpecification\",\"valueRequired\":true,\"valueName\":\"search_term_string\"}}],\"inLanguage\":\"en-US\"}]}<\/script>\n<!-- \/ Yoast SEO plugin. -->","yoast_head_json":{"title":"37 cm bala wood shell (Copie) | BALA LAND","description":"Venez d\u00e9couvrir nos f\u00fbts \u00e0 monter pour des djemb\u00e9s de tr\u00e8s haute qualit\u00e9. Les meilleurs bois s\u00e9lectionn\u00e9s pour vous ....","robots":{"index":"index","follow":"follow","max-snippet":"max-snippet:-1","max-image-preview":"max-image-preview:large","max-video-preview":"max-video-preview:-1"},"canonical":"https:\/\/latelier-kora-djembe.fr\/en\/produit\/37-cm-bala-wood-shell-copie-2\/","og_locale":"en_US","og_type":"article","og_title":"37 cm bala wood shell (Copie) | BALA LAND","og_description":"Venez d\u00e9couvrir nos f\u00fbts \u00e0 monter pour des djemb\u00e9s de tr\u00e8s haute qualit\u00e9. Les meilleurs bois s\u00e9lectionn\u00e9s pour vous ....","og_url":"https:\/\/latelier-kora-djembe.fr\/en\/produit\/37-cm-bala-wood-shell-copie-2\/","og_site_name":"BALA LAND","article_publisher":"https:\/\/www.facebook.com\/latelier.kora.djembe\/","article_modified_time":"2026-01-21T21:24:51+00:00","twitter_card":"summary_large_image","schema":{"@context":"https:\/\/schema.org","@graph":[{"@type":"WebPage","@id":"https:\/\/latelier-kora-djembe.fr\/en\/produit\/37-cm-bala-wood-shell-copie-2\/","url":"https:\/\/latelier-kora-djembe.fr\/en\/produit\/37-cm-bala-wood-shell-copie-2\/","name":"37 cm bala wood shell (Copie) | BALA LAND","isPartOf":{"@id":"https:\/\/latelier-kora-djembe.fr\/en\/#website"},"primaryImageOfPage":{"@id":"https:\/\/latelier-kora-djembe.fr\/en\/produit\/37-cm-bala-wood-shell-copie-2\/#primaryimage"},"image":{"@id":"https:\/\/latelier-kora-djembe.fr\/en\/produit\/37-cm-bala-wood-shell-copie-2\/#primaryimage"},"thumbnailUrl":"https:\/\/latelier-kora-djembe.fr\/wp-content\/uploads\/2024\/12\/Djembe-3.png","datePublished":"2026-01-21T21:22:22+00:00","dateModified":"2026-01-21T21:24:51+00:00","description":"Venez d\u00e9couvrir nos f\u00fbts \u00e0 monter pour des djemb\u00e9s de tr\u00e8s haute qualit\u00e9. Les meilleurs bois s\u00e9lectionn\u00e9s pour vous ....","breadcrumb":{"@id":"https:\/\/latelier-kora-djembe.fr\/en\/produit\/37-cm-bala-wood-shell-copie-2\/#breadcrumb"},"inLanguage":"en-US","potentialAction":[{"@type":"ReadAction","target":["https:\/\/latelier-kora-djembe.fr\/en\/produit\/37-cm-bala-wood-shell-copie-2\/"]}]},{"@type":"ImageObject","inLanguage":"en-US","@id":"https:\/\/latelier-kora-djembe.fr\/en\/produit\/37-cm-bala-wood-shell-copie-2\/#primaryimage","url":"https:\/\/latelier-kora-djembe.fr\/wp-content\/uploads\/2024\/12\/Djembe-3.png","contentUrl":"https:\/\/latelier-kora-djembe.fr\/wp-content\/uploads\/2024\/12\/Djembe-3.png","width":3000,"height":3000},{"@type":"BreadcrumbList","@id":"https:\/\/latelier-kora-djembe.fr\/en\/produit\/37-cm-bala-wood-shell-copie-2\/#breadcrumb","itemListElement":[{"@type":"ListItem","position":1,"name":"Accueil","item":"https:\/\/latelier-kora-djembe.fr\/en\/home\/"},{"@type":"ListItem","position":2,"name":"Shop","item":"https:\/\/latelier-kora-djembe.fr\/en\/shop\/"},{"@type":"ListItem","position":3,"name":"37 cm bala wood shell (Copie)"}]},{"@type":"WebSite","@id":"https:\/\/latelier-kora-djembe.fr\/en\/#website","url":"https:\/\/latelier-kora-djembe.fr\/en\/","name":"L&#039;atelier kora djembe - Vente d&#039;instruments de musique Africains","description":"Qualit\u00e9 sonorit\u00e9","potentialAction":[{"@type":"SearchAction","target":{"@type":"EntryPoint","urlTemplate":"https:\/\/latelier-kora-djembe.fr\/en\/?s={search_term_string}"},"query-input":{"@type":"PropertyValueSpecification","valueRequired":true,"valueName":"search_term_string"}}],"inLanguage":"en-US"}]}},"_links":{"self":[{"href":"https:\/\/latelier-kora-djembe.fr\/en\/wp-json\/wp\/v2\/product\/7252","targetHints":{"allow":["GET"]}}],"collection":[{"href":"https:\/\/latelier-kora-djembe.fr\/en\/wp-json\/wp\/v2\/product"}],"about":[{"href":"https:\/\/latelier-kora-djembe.fr\/en\/wp-json\/wp\/v2\/types\/product"}],"replies":[{"embeddable":true,"href":"https:\/\/latelier-kora-djembe.fr\/en\/wp-json\/wp\/v2\/comments?post=7252"}],"wp:featuredmedia":[{"embeddable":true,"href":"https:\/\/latelier-kora-djembe.fr\/en\/wp-json\/wp\/v2\/media\/7261"}],"wp:attachment":[{"href":"https:\/\/latelier-kora-djembe.fr\/en\/wp-json\/wp\/v2\/media?parent=7252"}],"wp:term":[{"taxonomy":"product_brand","embeddable":true,"href":"https:\/\/latelier-kora-djembe.fr\/en\/wp-json\/wp\/v2\/product_brand?post=7252"},{"taxonomy":"product_cat","embeddable":true,"href":"https:\/\/latelier-kora-djembe.fr\/en\/wp-json\/wp\/v2\/product_cat?post=7252"},{"taxonomy":"product_tag","embeddable":true,"href":"https:\/\/latelier-kora-djembe.fr\/en\/wp-json\/wp\/v2\/product_tag?post=7252"}],"curies":[{"name":"wp","href":"https:\/\/api.w.org\/{rel}","templated":true}]}}