{"id":7536,"date":"2026-02-13T04:53:30","date_gmt":"2026-02-13T04:53:30","guid":{"rendered":"https:\/\/latelier-kora-djembe.fr\/?post_type=product&#038;p=7536"},"modified":"2026-02-14T21:03:47","modified_gmt":"2026-02-14T21:03:47","slug":"35-cm-linke-wood-green-djembe-copie-copie-copie-copie","status":"publish","type":"product","link":"https:\/\/latelier-kora-djembe.fr\/en\/produit\/35-cm-linke-wood-green-djembe-copie-copie-copie-copie\/","title":{"rendered":"Balafon wood djembe &#8220;Cloud&#8221; 34 cm diameter"},"content":{"rendered":"<div style=\"padding: 56.25% 0 0 0; position: relative;\"><iframe style=\"position: absolute; top: 0; left: 0; width: 100%; height: 100%;\" title=\"cloud\" src=\"https:\/\/player.vimeo.com\/video\/1164596289?h=8bc2e54032&amp;badge=0&amp;autopause=0&amp;player_id=0&amp;app_id=58479\" frameborder=\"0\"><\/iframe><\/div>\n<p><script src=\"https:\/\/player.vimeo.com\/api\/player.js\"><\/script><\/p>\n<p>Here is &#8220;Cloud&#8221;, a magnificent djembe made from balafon\/hari wood from Guinea.<\/p>\n<p>Are you looking for a unique piece?<\/p>\n<p>A perfect djembe for solos ?<\/p>\n<p>Would you like an instrument that matches your passion?<\/p>\n<p>&#8220;Cloud&#8221; is made for you. By placing your hands on it, you will instantly feel the intense pleasure of a high-end djembe&#8230;. <\/p>\n<p>The goatskin is semi-thick. The sound is very incisive, with precise and present tones, and aggressive slaps ! <\/p>\n<p>A pure djembe for solos.<\/p>\n<p>In stock, 2 days shipping for France, one week for other countries.<\/p>\n<p><em>Specifications :<\/em><\/p>\n<ul>\n<li style=\"list-style-type: none;\">\n<ul>\n<li>Bala wood from Guinea<\/li>\n<li>34 cm diameter \/ 63,5 cm height \/ 12,6 kg<\/li>\n<li>Medium goat skin<\/li>\n<li>8 mm stainless steel ring on the top, 6 mm on the bottom<\/li>\n<li>Pre-streched polyester 5 mm rope.<\/li>\n<li>Sanded, oiled, prepared in our workshop<\/li>\n<li>Glued rubber foot protection<\/li>\n<li>Delivered perfectly tuned<\/li>\n<\/ul>\n<\/li>\n<\/ul>\n","protected":false},"excerpt":{"rendered":"<p>\u2714\ufe0f Excellent wood<\/p>\n<p>\u2714\ufe0f Very powerfull tone<\/p>\n<p>\u2714\ufe0f Perfect for solos<\/p>\n","protected":false},"featured_media":7538,"comment_status":"open","ping_status":"closed","template":"","meta":{"_monsterinsights_skip_tracking":false,"_monsterinsights_sitenote_active":false,"_monsterinsights_sitenote_note":"","_monsterinsights_sitenote_category":0},"product_brand":[],"product_cat":[433],"product_tag":[],"class_list":{"0":"post-7536","1":"product","2":"type-product","3":"status-publish","4":"has-post-thumbnail","6":"product_cat-premium-series-djembe","7":"product_shipping_class-djembe","9":"first","10":"outofstock","11":"shipping-taxable","12":"purchasable","13":"product-type-simple"},"yoast_head":"<!-- This site is optimized with the Yoast SEO plugin v24.8.1 - https:\/\/yoast.com\/wordpress\/plugins\/seo\/ -->\n<title>Balafon wood djembe &quot;Cloud&quot; 34 cm diameter | BALA LAND<\/title>\n<meta name=\"description\" content=\"Venez d\u00e9couvrir un djemb\u00e9 exceptionnel, tr\u00e8s haut de gamme. Uniquement pour les passionn\u00e9s qui recherchent un instrument sans compromis ....\" \/>\n<meta name=\"robots\" content=\"index, follow, max-snippet:-1, max-image-preview:large, max-video-preview:-1\" \/>\n<link rel=\"canonical\" href=\"https:\/\/latelier-kora-djembe.fr\/en\/produit\/35-cm-linke-wood-green-djembe-copie-copie-copie-copie\/\" \/>\n<meta property=\"og:locale\" content=\"en_US\" \/>\n<meta property=\"og:type\" content=\"article\" \/>\n<meta property=\"og:title\" content=\"Balafon wood djembe &quot;Cloud&quot; 34 cm diameter | BALA LAND\" \/>\n<meta property=\"og:description\" content=\"Venez d\u00e9couvrir un djemb\u00e9 exceptionnel, tr\u00e8s haut de gamme. Uniquement pour les passionn\u00e9s qui recherchent un instrument sans compromis ....\" \/>\n<meta property=\"og:url\" content=\"https:\/\/latelier-kora-djembe.fr\/en\/produit\/35-cm-linke-wood-green-djembe-copie-copie-copie-copie\/\" \/>\n<meta property=\"og:site_name\" content=\"BALA LAND\" \/>\n<meta property=\"article:publisher\" content=\"https:\/\/www.facebook.com\/latelier.kora.djembe\/\" \/>\n<meta property=\"article:modified_time\" content=\"2026-02-14T21:03:47+00:00\" \/>\n<meta property=\"og:image\" content=\"https:\/\/latelier-kora-djembe.fr\/wp-content\/uploads\/2026\/02\/Design-sans-titre-19-1024x1024.png\" \/>\n\t<meta property=\"og:image:width\" content=\"1024\" \/>\n\t<meta property=\"og:image:height\" content=\"1024\" \/>\n\t<meta property=\"og:image:type\" content=\"image\/png\" \/>\n<meta name=\"twitter:card\" content=\"summary_large_image\" \/>\n<meta name=\"twitter:label1\" content=\"Est. reading time\" \/>\n\t<meta name=\"twitter:data1\" content=\"2 minutes\" \/>\n<script type=\"application\/ld+json\" class=\"yoast-schema-graph\">{\"@context\":\"https:\/\/schema.org\",\"@graph\":[{\"@type\":\"WebPage\",\"@id\":\"https:\/\/latelier-kora-djembe.fr\/en\/produit\/35-cm-linke-wood-green-djembe-copie-copie-copie-copie\/\",\"url\":\"https:\/\/latelier-kora-djembe.fr\/en\/produit\/35-cm-linke-wood-green-djembe-copie-copie-copie-copie\/\",\"name\":\"Balafon wood djembe \\\"Cloud\\\" 34 cm diameter | BALA LAND\",\"isPartOf\":{\"@id\":\"https:\/\/latelier-kora-djembe.fr\/en\/#website\"},\"primaryImageOfPage\":{\"@id\":\"https:\/\/latelier-kora-djembe.fr\/en\/produit\/35-cm-linke-wood-green-djembe-copie-copie-copie-copie\/#primaryimage\"},\"image\":{\"@id\":\"https:\/\/latelier-kora-djembe.fr\/en\/produit\/35-cm-linke-wood-green-djembe-copie-copie-copie-copie\/#primaryimage\"},\"thumbnailUrl\":\"https:\/\/latelier-kora-djembe.fr\/wp-content\/uploads\/2026\/02\/Design-sans-titre-19.png\",\"datePublished\":\"2026-02-13T04:53:30+00:00\",\"dateModified\":\"2026-02-14T21:03:47+00:00\",\"description\":\"Venez d\u00e9couvrir un djemb\u00e9 exceptionnel, tr\u00e8s haut de gamme. Uniquement pour les passionn\u00e9s qui recherchent un instrument sans compromis ....\",\"breadcrumb\":{\"@id\":\"https:\/\/latelier-kora-djembe.fr\/en\/produit\/35-cm-linke-wood-green-djembe-copie-copie-copie-copie\/#breadcrumb\"},\"inLanguage\":\"en-US\",\"potentialAction\":[{\"@type\":\"ReadAction\",\"target\":[\"https:\/\/latelier-kora-djembe.fr\/en\/produit\/35-cm-linke-wood-green-djembe-copie-copie-copie-copie\/\"]}]},{\"@type\":\"ImageObject\",\"inLanguage\":\"en-US\",\"@id\":\"https:\/\/latelier-kora-djembe.fr\/en\/produit\/35-cm-linke-wood-green-djembe-copie-copie-copie-copie\/#primaryimage\",\"url\":\"https:\/\/latelier-kora-djembe.fr\/wp-content\/uploads\/2026\/02\/Design-sans-titre-19.png\",\"contentUrl\":\"https:\/\/latelier-kora-djembe.fr\/wp-content\/uploads\/2026\/02\/Design-sans-titre-19.png\",\"width\":3000,\"height\":3000},{\"@type\":\"BreadcrumbList\",\"@id\":\"https:\/\/latelier-kora-djembe.fr\/en\/produit\/35-cm-linke-wood-green-djembe-copie-copie-copie-copie\/#breadcrumb\",\"itemListElement\":[{\"@type\":\"ListItem\",\"position\":1,\"name\":\"Accueil\",\"item\":\"https:\/\/latelier-kora-djembe.fr\/en\/home\/\"},{\"@type\":\"ListItem\",\"position\":2,\"name\":\"Shop\",\"item\":\"https:\/\/latelier-kora-djembe.fr\/en\/shop\/\"},{\"@type\":\"ListItem\",\"position\":3,\"name\":\"Balafon wood djembe &#8220;Cloud&#8221; 34 cm diameter\"}]},{\"@type\":\"WebSite\",\"@id\":\"https:\/\/latelier-kora-djembe.fr\/en\/#website\",\"url\":\"https:\/\/latelier-kora-djembe.fr\/en\/\",\"name\":\"L&#039;atelier kora djembe - Vente d&#039;instruments de musique Africains\",\"description\":\"Qualit\u00e9 sonorit\u00e9\",\"potentialAction\":[{\"@type\":\"SearchAction\",\"target\":{\"@type\":\"EntryPoint\",\"urlTemplate\":\"https:\/\/latelier-kora-djembe.fr\/en\/?s={search_term_string}\"},\"query-input\":{\"@type\":\"PropertyValueSpecification\",\"valueRequired\":true,\"valueName\":\"search_term_string\"}}],\"inLanguage\":\"en-US\"}]}<\/script>\n<!-- \/ Yoast SEO plugin. -->","yoast_head_json":{"title":"Balafon wood djembe \"Cloud\" 34 cm diameter | BALA LAND","description":"Venez d\u00e9couvrir un djemb\u00e9 exceptionnel, tr\u00e8s haut de gamme. Uniquement pour les passionn\u00e9s qui recherchent un instrument sans compromis ....","robots":{"index":"index","follow":"follow","max-snippet":"max-snippet:-1","max-image-preview":"max-image-preview:large","max-video-preview":"max-video-preview:-1"},"canonical":"https:\/\/latelier-kora-djembe.fr\/en\/produit\/35-cm-linke-wood-green-djembe-copie-copie-copie-copie\/","og_locale":"en_US","og_type":"article","og_title":"Balafon wood djembe \"Cloud\" 34 cm diameter | BALA LAND","og_description":"Venez d\u00e9couvrir un djemb\u00e9 exceptionnel, tr\u00e8s haut de gamme. Uniquement pour les passionn\u00e9s qui recherchent un instrument sans compromis ....","og_url":"https:\/\/latelier-kora-djembe.fr\/en\/produit\/35-cm-linke-wood-green-djembe-copie-copie-copie-copie\/","og_site_name":"BALA LAND","article_publisher":"https:\/\/www.facebook.com\/latelier.kora.djembe\/","article_modified_time":"2026-02-14T21:03:47+00:00","og_image":[{"width":1024,"height":1024,"url":"https:\/\/latelier-kora-djembe.fr\/wp-content\/uploads\/2026\/02\/Design-sans-titre-19-1024x1024.png","type":"image\/png"}],"twitter_card":"summary_large_image","twitter_misc":{"Est. reading time":"2 minutes"},"schema":{"@context":"https:\/\/schema.org","@graph":[{"@type":"WebPage","@id":"https:\/\/latelier-kora-djembe.fr\/en\/produit\/35-cm-linke-wood-green-djembe-copie-copie-copie-copie\/","url":"https:\/\/latelier-kora-djembe.fr\/en\/produit\/35-cm-linke-wood-green-djembe-copie-copie-copie-copie\/","name":"Balafon wood djembe \"Cloud\" 34 cm diameter | BALA LAND","isPartOf":{"@id":"https:\/\/latelier-kora-djembe.fr\/en\/#website"},"primaryImageOfPage":{"@id":"https:\/\/latelier-kora-djembe.fr\/en\/produit\/35-cm-linke-wood-green-djembe-copie-copie-copie-copie\/#primaryimage"},"image":{"@id":"https:\/\/latelier-kora-djembe.fr\/en\/produit\/35-cm-linke-wood-green-djembe-copie-copie-copie-copie\/#primaryimage"},"thumbnailUrl":"https:\/\/latelier-kora-djembe.fr\/wp-content\/uploads\/2026\/02\/Design-sans-titre-19.png","datePublished":"2026-02-13T04:53:30+00:00","dateModified":"2026-02-14T21:03:47+00:00","description":"Venez d\u00e9couvrir un djemb\u00e9 exceptionnel, tr\u00e8s haut de gamme. Uniquement pour les passionn\u00e9s qui recherchent un instrument sans compromis ....","breadcrumb":{"@id":"https:\/\/latelier-kora-djembe.fr\/en\/produit\/35-cm-linke-wood-green-djembe-copie-copie-copie-copie\/#breadcrumb"},"inLanguage":"en-US","potentialAction":[{"@type":"ReadAction","target":["https:\/\/latelier-kora-djembe.fr\/en\/produit\/35-cm-linke-wood-green-djembe-copie-copie-copie-copie\/"]}]},{"@type":"ImageObject","inLanguage":"en-US","@id":"https:\/\/latelier-kora-djembe.fr\/en\/produit\/35-cm-linke-wood-green-djembe-copie-copie-copie-copie\/#primaryimage","url":"https:\/\/latelier-kora-djembe.fr\/wp-content\/uploads\/2026\/02\/Design-sans-titre-19.png","contentUrl":"https:\/\/latelier-kora-djembe.fr\/wp-content\/uploads\/2026\/02\/Design-sans-titre-19.png","width":3000,"height":3000},{"@type":"BreadcrumbList","@id":"https:\/\/latelier-kora-djembe.fr\/en\/produit\/35-cm-linke-wood-green-djembe-copie-copie-copie-copie\/#breadcrumb","itemListElement":[{"@type":"ListItem","position":1,"name":"Accueil","item":"https:\/\/latelier-kora-djembe.fr\/en\/home\/"},{"@type":"ListItem","position":2,"name":"Shop","item":"https:\/\/latelier-kora-djembe.fr\/en\/shop\/"},{"@type":"ListItem","position":3,"name":"Balafon wood djembe &#8220;Cloud&#8221; 34 cm diameter"}]},{"@type":"WebSite","@id":"https:\/\/latelier-kora-djembe.fr\/en\/#website","url":"https:\/\/latelier-kora-djembe.fr\/en\/","name":"L&#039;atelier kora djembe - Vente d&#039;instruments de musique Africains","description":"Qualit\u00e9 sonorit\u00e9","potentialAction":[{"@type":"SearchAction","target":{"@type":"EntryPoint","urlTemplate":"https:\/\/latelier-kora-djembe.fr\/en\/?s={search_term_string}"},"query-input":{"@type":"PropertyValueSpecification","valueRequired":true,"valueName":"search_term_string"}}],"inLanguage":"en-US"}]}},"_links":{"self":[{"href":"https:\/\/latelier-kora-djembe.fr\/en\/wp-json\/wp\/v2\/product\/7536","targetHints":{"allow":["GET"]}}],"collection":[{"href":"https:\/\/latelier-kora-djembe.fr\/en\/wp-json\/wp\/v2\/product"}],"about":[{"href":"https:\/\/latelier-kora-djembe.fr\/en\/wp-json\/wp\/v2\/types\/product"}],"replies":[{"embeddable":true,"href":"https:\/\/latelier-kora-djembe.fr\/en\/wp-json\/wp\/v2\/comments?post=7536"}],"wp:featuredmedia":[{"embeddable":true,"href":"https:\/\/latelier-kora-djembe.fr\/en\/wp-json\/wp\/v2\/media\/7538"}],"wp:attachment":[{"href":"https:\/\/latelier-kora-djembe.fr\/en\/wp-json\/wp\/v2\/media?parent=7536"}],"wp:term":[{"taxonomy":"product_brand","embeddable":true,"href":"https:\/\/latelier-kora-djembe.fr\/en\/wp-json\/wp\/v2\/product_brand?post=7536"},{"taxonomy":"product_cat","embeddable":true,"href":"https:\/\/latelier-kora-djembe.fr\/en\/wp-json\/wp\/v2\/product_cat?post=7536"},{"taxonomy":"product_tag","embeddable":true,"href":"https:\/\/latelier-kora-djembe.fr\/en\/wp-json\/wp\/v2\/product_tag?post=7536"}],"curies":[{"name":"wp","href":"https:\/\/api.w.org\/{rel}","templated":true}]}}